{"id":1428,"date":"2021-12-23T08:10:37","date_gmt":"2021-12-23T08:10:37","guid":{"rendered":"https:\/\/www.devsnews.com\/wp\/roxce\/?page_id=1428"},"modified":"2024-03-15T14:01:05","modified_gmt":"2024-03-15T14:01:05","slug":"kurumsal","status":"publish","type":"page","link":"https:\/\/sanpolyboya.com\/en\/kurumsal\/","title":{"rendered":"About Us"},"content":{"rendered":"<div data-elementor-type=\"wp-page\" data-elementor-id=\"1428\" class=\"elementor elementor-1428\" data-elementor-post-type=\"page\">\n\t\t\t\t<div class=\"elementor-element elementor-element-4f6f4bc e-con-full e-flex e-con e-parent\" data-id=\"4f6f4bc\" data-element_type=\"container\" data-settings=\"{&quot;background_background&quot;:&quot;classic&quot;}\">\n\t\t\t\t<\/div>\n\t\t\t\t<section class=\"elementor-section elementor-top-section elementor-element elementor-element-4c61b53 elementor-section-full_width elementor-section-height-default elementor-section-height-default\" data-id=\"4c61b53\" data-element_type=\"section\">\n\t\t\t\t\t\t<div class=\"elementor-container elementor-column-gap-no\">\n\t\t\t\t\t<div class=\"elementor-column elementor-col-100 elementor-top-column elementor-element elementor-element-5916f9b\" data-id=\"5916f9b\" data-element_type=\"column\">\n\t\t\t<div class=\"elementor-widget-wrap\">\n\t\t\t\t\t\t\t<\/div>\n\t\t<\/div>\n\t\t\t\t\t<\/div>\n\t\t<\/section>\n\t\t\t\t<section class=\"elementor-section elementor-top-section elementor-element elementor-element-b1e4197 elementor-section-full_width elementor-section-height-default elementor-section-height-default\" data-id=\"b1e4197\" data-element_type=\"section\">\n\t\t\t\t\t\t<div class=\"elementor-container elementor-column-gap-no\">\n\t\t\t\t\t<div class=\"elementor-column elementor-col-100 elementor-top-column elementor-element elementor-element-c9d82c2\" data-id=\"c9d82c2\" data-element_type=\"column\">\n\t\t\t<div class=\"elementor-widget-wrap elementor-element-populated\">\n\t\t\t\t\t\t<div class=\"elementor-element elementor-element-d0e367c elementor-widget elementor-widget-about bdevs-el about\" data-id=\"d0e367c\" data-element_type=\"widget\" data-settings=\"{&quot;design_style&quot;:&quot;style_4&quot;}\" data-widget_type=\"about.default\">\n\t\t\t\t<div class=\"elementor-widget-container\">\n\t\t\t\t\t        \r\n            <section class=\"why__area\">\r\n                <div class=\"container\">\r\n                    <div class=\"row\">\r\n                        <div class=\"col-xxl-7 col-xl-6 col-lg-6\">\r\n                                                            <div class=\"why__thumb why__thumb-2 pr-70 w-img\">\r\n                                    <img decoding=\"async\" src=\"https:\/\/sanpolyboya.com\/wp-content\/uploads\/2021\/12\/why-1-1.jpg\" alt=\"img\">\r\n                                <\/div>\r\n                                                    <\/div>\r\n                        <div class=\"col-xxl-5 col-xl-6 col-lg-6\">\r\n                            <div class=\"why__wrapper-2 pt-25 pr-30 bdevs-el-content\">\r\n                                <div class=\"section__title-wrapper-2 mb-30\">\r\n                                                                            <span class=\"section__title-pre section__title-pre-2 bdevs-el-subtitle\">Sanpoly Boya<\/span>\r\n                                    \r\n                                    <h2 class=\"section__title section__title-2 bdevs-el-title\" data-wow-delay=\"\">Find the perfect tone for your walls\n\n<\/h2>                                <\/div>\r\n\r\n                                                                    <p>The Delicacy of Colors Meets Sanpoly's Quality.  With our experienced team, we offer unlimited options in quality and innovation. As Sanpoly Boya, we always maintain our determination to offer the best to our customers.<\/p>\r\n                                \r\n                                                                    <div class=\"why__item-wrapper\">\r\n                                                                                    <div class=\"why__item-2 bdevs-el-list-content d-flex align-items-start\">\r\n                                                <div class=\"why__icon-2 mr-30 bdevs-el-list-icon\">\r\n                                                                                                            <img fetchpriority=\"high\" decoding=\"async\" width=\"256\" height=\"256\" src=\"https:\/\/sanpolyboya.com\/wp-content\/uploads\/2021\/12\/why-icon-1-1.png\" class=\"elementor-animation-disable-animation attachment-full size-full wp-image-1704\" alt=\"\" srcset=\"https:\/\/sanpolyboya.com\/wp-content\/uploads\/2021\/12\/why-icon-1-1.png 256w, https:\/\/sanpolyboya.com\/wp-content\/uploads\/2021\/12\/why-icon-1-1-100x100.png 100w, https:\/\/sanpolyboya.com\/wp-content\/uploads\/2021\/12\/why-icon-1-1-150x150.png 150w\" sizes=\"(max-width: 256px) 100vw, 256px\" \/>                                                                                                    <\/div>\r\n                                                <div class=\"why__content-2\">\r\n                                                                                                            <h3 class=\"why__title-2 bdevs-el-list-title\">\r\n                                                            Easy to Apply.                                                        <\/h3>\r\n                                                    \r\n                                                                                                            <p class=\"bdevs-el-list-desc\">Easy to apply with high coverage power.<\/p>\r\n                                                                                                    <\/div>\r\n                                            <\/div>\r\n                                                                                    <div class=\"why__item-2 bdevs-el-list-content d-flex align-items-start\">\r\n                                                <div class=\"why__icon-2 mr-30 bdevs-el-list-icon\">\r\n                                                                                                            <img decoding=\"async\" width=\"256\" height=\"256\" src=\"https:\/\/sanpolyboya.com\/wp-content\/uploads\/2021\/12\/why-icon-2.png\" class=\"elementor-animation-disable-animation attachment-full size-full wp-image-880\" alt=\"\" srcset=\"https:\/\/sanpolyboya.com\/wp-content\/uploads\/2021\/12\/why-icon-2.png 256w, https:\/\/sanpolyboya.com\/wp-content\/uploads\/2021\/12\/why-icon-2-100x100.png 100w, https:\/\/sanpolyboya.com\/wp-content\/uploads\/2021\/12\/why-icon-2-150x150.png 150w\" sizes=\"(max-width: 256px) 100vw, 256px\" \/>                                                                                                    <\/div>\r\n                                                <div class=\"why__content-2\">\r\n                                                                                                            <h3 class=\"why__title-2 bdevs-el-list-title\">\r\n                                                            Withstand harsh weather conditions                                                        <\/h3>\r\n                                                    \r\n                                                                                                            <p class=\"bdevs-el-list-desc\">Contributes to your budget and thermal insulation.<\/p>\r\n                                                                                                    <\/div>\r\n                                            <\/div>\r\n                                                                                    <div class=\"why__item-2 bdevs-el-list-content d-flex align-items-start\">\r\n                                                <div class=\"why__icon-2 mr-30 bdevs-el-list-icon\">\r\n                                                                                                            <img decoding=\"async\" width=\"256\" height=\"256\" src=\"https:\/\/sanpolyboya.com\/wp-content\/uploads\/2021\/12\/why-icon-3.png\" class=\"elementor-animation-disable-animation attachment-full size-full wp-image-881\" alt=\"\" srcset=\"https:\/\/sanpolyboya.com\/wp-content\/uploads\/2021\/12\/why-icon-3.png 256w, https:\/\/sanpolyboya.com\/wp-content\/uploads\/2021\/12\/why-icon-3-100x100.png 100w, https:\/\/sanpolyboya.com\/wp-content\/uploads\/2021\/12\/why-icon-3-150x150.png 150w\" sizes=\"(max-width: 256px) 100vw, 256px\" \/>                                                                                                    <\/div>\r\n                                                <div class=\"why__content-2\">\r\n                                                                                                            <h3 class=\"why__title-2 bdevs-el-list-title\">\r\n                                                            Nature Friendly Products                                                        <\/h3>\r\n                                                    \r\n                                                                                                            <p class=\"bdevs-el-list-desc\">Our products are ecologically harmless to nature.<\/p>\r\n                                                                                                    <\/div>\r\n                                            <\/div>\r\n                                                                            <\/div>\r\n                                                            <\/div>\r\n                        <\/div>\r\n                    <\/div>\r\n                <\/div>\r\n            <\/section>\r\n\r\n        \t\t\t\t<\/div>\n\t\t\t\t<\/div>\n\t\t\t\t<div class=\"elementor-element elementor-element-b357e30 elementor-widget elementor-widget-about bdevs-el about\" data-id=\"b357e30\" data-element_type=\"widget\" data-settings=\"{&quot;design_style&quot;:&quot;style_6&quot;}\" data-widget_type=\"about.default\">\n\t\t\t\t<div class=\"elementor-widget-container\">\n\t\t\t\t\t        \r\n            <section class=\"about__area p-relative z-index-1 bdevs-el-content\">\r\n                <div class=\"container\">\r\n                    <div class=\"row\">\r\n                        <div class=\"col-xxl-7 col-xl-6 col-lg-6\">\r\n                            <div class=\"row\">\r\n                                                                    <div class=\"col-xxl-7 col-xl-7 col-lg-7 col-md-7 col-sm-6\">\r\n                                        <div class=\"about__thumb w-img mb-30\">\r\n                                            <img decoding=\"async\" class=\"about-1\" src=\"https:\/\/sanpolyboya.com\/wp-content\/uploads\/2023\/11\/craftsman-holds-roller-color-palette-paints-white-wall-blue-wall-painting-services-painting-concept.jpg\" alt=\"img\">\r\n                                        <\/div>\r\n                                    <\/div>\r\n                                                                                                    <div class=\"col-xxl-5 col-xl-5 col-lg-5 col-md-5 col-sm-6\">\r\n                                        <div class=\"about__thumb mt-45 pr-50 mb-30 w-img\">\r\n                                            <img decoding=\"async\" class=\"about-2\" src=\"https:\/\/sanpolyboya.com\/wp-content\/uploads\/2021\/12\/about-2-1.jpg\" alt=\"img\">\r\n                                        <\/div>\r\n                                    <\/div>\r\n                                                                                                    <div class=\"col-xxl-5 col-xl-5 col-lg-5 col-md-5 col-sm-6\">\r\n                                        <div class=\"about__thumb pl-50 mb-30 w-img d-none d-sm-block\">\r\n                                            <img decoding=\"async\" class=\"about-3\" src=\"https:\/\/sanpolyboya.com\/wp-content\/uploads\/2021\/12\/portfolio-11.jpg\" alt=\"img\">\r\n                                        <\/div>\r\n                                    <\/div>\r\n                                                                                                    <div class=\"col-xxl-7 col-xl-7 col-lg-7 col-md-7 col-sm-6\">\r\n                                        <div class=\"about__thumb about-mt--130 mb-30 w-img d-none d-sm-block\">\r\n                                            <img decoding=\"async\" class=\"about-4\" src=\"https:\/\/sanpolyboya.com\/wp-content\/uploads\/2023\/11\/painters-painting-exterior-building.jpg\" alt=\"img\">\r\n                                        <\/div>\r\n                                    <\/div>\r\n                                                            <\/div>\r\n                        <\/div>\r\n                        <div class=\"col-xxl-5 col-xl-6 col-lg-6\">\r\n                            <div class=\"about__wrapper-2 pl-20\">\r\n                                <div class=\"section__title-wrapper-2 mb-25\">\r\n                                                                            <span class=\"section__title-pre section__title-pre-2 bdevs-el-subtitle\">About Us<\/span>\r\n                                    \r\n                                    <h2 class=\"section__title section__title-2 bdevs-el-title\" data-wow-delay=\"\">Leader in Quality and Color Harmony: Sanpoly<\/h2>                                <\/div>\r\n\r\n                                                                    <p>Sanpoly Boya is an innovative and quality-oriented company in the paint industry. We are recognized as a reliable brand in the industry with our innovative approach, high quality products and customer-oriented service approach. We work with environmental sustainability in mind while providing excellent products to our customers.<\/p>\r\n                                \r\n                                <div class=\"about__item-wrapper\">\r\n                                    <div class=\"row\">\r\n                                                                                    <div class=\"col-xxl-6 col-xl-6 col-lg-6 col-md-6 col-sm-6\">\r\n                                                <div class=\"about__item about__item-green bdevs-el-list-content white-bg text-center mb-30 elementor-repeater-item-fe3e7c6\">\r\n                                                    <div class=\"about__icon mb-15 bdevs-el-list-icon\">\r\n                                                                                                                    <i aria-hidden=\"true\" class=\"flaticon-painting-bucket\"><\/i>                                                                                                            <\/div>\r\n                                                    <div class=\"about__content-2\">\r\n                                                                                                                    <h3 class=\"about__title-2 bdevs-el-list-title\">\r\n                                                                <a href=\"#\">Professional Production<\/a>\r\n                                                            <\/h3>\r\n                                                        \r\n                                                        \r\n                                                        <a href=\"#\" class=\"link-btn\">\r\n                                                            <i class=\"fal fa-arrow-right\"><\/i>\r\n                                                            <i class=\"fal fa-arrow-right\"><\/i>\r\n                                                        <\/a>\r\n                                                    <\/div>\r\n                                                <\/div>\r\n                                            <\/div>\r\n                                                                                    <div class=\"col-xxl-6 col-xl-6 col-lg-6 col-md-6 col-sm-6\">\r\n                                                <div class=\"about__item about__item-green bdevs-el-list-content white-bg text-center mb-30 elementor-repeater-item-39dbf1b\">\r\n                                                    <div class=\"about__icon mb-15 bdevs-el-list-icon\">\r\n                                                                                                                    <i aria-hidden=\"true\" class=\"flaticon-sketch\"><\/i>                                                                                                            <\/div>\r\n                                                    <div class=\"about__content-2\">\r\n                                                                                                                    <h3 class=\"about__title-2 bdevs-el-list-title\">\r\n                                                                <a href=\"https:\/\/sanpolyboya.com\/en\/belgelerimiz\/\">TSE Certified<\/a>\r\n                                                            <\/h3>\r\n                                                        \r\n                                                        \r\n                                                        <a href=\"https:\/\/sanpolyboya.com\/en\/belgelerimiz\/\" class=\"link-btn\">\r\n                                                            <i class=\"fal fa-arrow-right\"><\/i>\r\n                                                            <i class=\"fal fa-arrow-right\"><\/i>\r\n                                                        <\/a>\r\n                                                    <\/div>\r\n                                                <\/div>\r\n                                            <\/div>\r\n                                                                            <\/div>\r\n                                <\/div>\r\n                            <\/div>\r\n                        <\/div>\r\n                    <\/div>\r\n                <\/div>\r\n            <\/section>\r\n\r\n        \t\t\t\t<\/div>\n\t\t\t\t<\/div>\n\t\t\t\t\t<\/div>\n\t\t<\/div>\n\t\t\t\t\t<\/div>\n\t\t<\/section>\n\t\t\t\t<\/div>","protected":false},"excerpt":{"rendered":"<p>Sanpoly Boya Duvarlar\u0131n\u0131z i\u00e7in m\u00fckemmel tonu bulun Renklerin \u0130nceli\u011fi, Sanpoly&#8217;nin Kalitesiyle Bulu\u015fuyor. Tecr\u00fcbeli ekibimizle, kalite ve yenilikte s\u0131n\u0131rs\u0131z se\u00e7enekler sunuyoruz. Sanpoly Boya olarak, her zaman m\u00fc\u015fterilerimize en iyisini sunma kararl\u0131l\u0131\u011f\u0131m\u0131z\u0131 koruyoruz. Kolay Uygulanabilir. Y\u00fcksek kapatma g\u00fcc\u00fc ile kolay uygulan\u0131r. Zorlu hava ko\u015fullar\u0131na dayan\u0131k B\u00fct\u00e7enize ve \u0131s\u0131 yal\u0131t\u0131m\u0131na katk\u0131 sa\u011flar. Do\u011fa Dostu \u00dcr\u00fcnler \u00dcr\u00fcnlerimiz ekolojik olarak [&hellip;]<\/p>","protected":false},"author":1,"featured_media":0,"parent":0,"menu_order":0,"comment_status":"closed","ping_status":"closed","template":"elementor_header_footer","meta":{"_acf_changed":false,"footnotes":""},"class_list":["post-1428","page","type-page","status-publish","hentry"],"acf":[],"_links":{"self":[{"href":"https:\/\/sanpolyboya.com\/en\/wp-json\/wp\/v2\/pages\/1428","targetHints":{"allow":["GET"]}}],"collection":[{"href":"https:\/\/sanpolyboya.com\/en\/wp-json\/wp\/v2\/pages"}],"about":[{"href":"https:\/\/sanpolyboya.com\/en\/wp-json\/wp\/v2\/types\/page"}],"author":[{"embeddable":true,"href":"https:\/\/sanpolyboya.com\/en\/wp-json\/wp\/v2\/users\/1"}],"replies":[{"embeddable":true,"href":"https:\/\/sanpolyboya.com\/en\/wp-json\/wp\/v2\/comments?post=1428"}],"version-history":[{"count":4,"href":"https:\/\/sanpolyboya.com\/en\/wp-json\/wp\/v2\/pages\/1428\/revisions"}],"predecessor-version":[{"id":4025,"href":"https:\/\/sanpolyboya.com\/en\/wp-json\/wp\/v2\/pages\/1428\/revisions\/4025"}],"wp:attachment":[{"href":"https:\/\/sanpolyboya.com\/en\/wp-json\/wp\/v2\/media?parent=1428"}],"curies":[{"name":"wp","href":"https:\/\/api.w.org\/{rel}","templated":true}]}}