{"id":2033,"date":"2021-12-23T11:03:50","date_gmt":"2021-12-23T11:03:50","guid":{"rendered":"https:\/\/www.devsnews.com\/wp\/roxce\/?page_id=2033"},"modified":"2024-01-02T09:47:10","modified_gmt":"2024-01-02T09:47:10","slug":"projeler","status":"publish","type":"page","link":"https:\/\/sanpolyboya.com\/en\/projeler\/","title":{"rendered":"Projeler"},"content":{"rendered":"<div data-elementor-type=\"wp-page\" data-elementor-id=\"2033\" class=\"elementor elementor-2033\" data-elementor-post-type=\"page\">\n\t\t\t\t\t\t<section class=\"elementor-section elementor-top-section elementor-element elementor-element-252b106 elementor-section-boxed elementor-section-height-default elementor-section-height-default\" data-id=\"252b106\" data-element_type=\"section\">\n\t\t\t\t\t\t<div class=\"elementor-container elementor-column-gap-default\">\n\t\t\t\t\t<div class=\"elementor-column elementor-col-100 elementor-top-column elementor-element elementor-element-7e8a8a6\" data-id=\"7e8a8a6\" data-element_type=\"column\">\n\t\t\t<div class=\"elementor-widget-wrap elementor-element-populated\">\n\t\t\t\t\t\t<div class=\"elementor-element elementor-element-23fc4e7 elementor-widget elementor-widget-heading bdevs-el heading\" data-id=\"23fc4e7\" data-element_type=\"widget\" data-settings=\"{&quot;design_style&quot;:&quot;style_2&quot;}\" data-widget_type=\"heading.default\">\n\t\t\t\t<div class=\"elementor-widget-container\">\n\t\t\t\t\t\r\n\r\n                    \r\n                <div class=\"section__title-wrapper text-center\">\r\n                                            <span class=\"section__title-pre section__title-pre-3 center bdevs-el-subtitle\">Our Projects                        <\/span>\r\n                    \r\n                    <h2 class=\"section__title section__title-2 bdevs-el-title\" data-wow-delay=\".2s\">\"Quality in Every Touch, <br> Aesthetics in Every Layer<\/h2>\r\n                                    <\/div>\r\n\r\n\r\n                    \r\n\t\t\t\t<\/div>\n\t\t\t\t<\/div>\n\t\t\t\t\t<\/div>\n\t\t<\/div>\n\t\t\t\t\t<\/div>\n\t\t<\/section>\n\t\t\t\t<section class=\"elementor-section elementor-top-section elementor-element elementor-element-53c8301 elementor-section-boxed elementor-section-height-default elementor-section-height-default\" data-id=\"53c8301\" data-element_type=\"section\">\n\t\t\t\t\t\t<div class=\"elementor-container elementor-column-gap-default\">\n\t\t\t\t\t<div class=\"elementor-column elementor-col-100 elementor-top-column elementor-element elementor-element-5a6ad0e\" data-id=\"5a6ad0e\" data-element_type=\"column\">\n\t\t\t<div class=\"elementor-widget-wrap elementor-element-populated\">\n\t\t\t\t\t\t<div class=\"elementor-element elementor-element-f832a65 elementor-widget elementor-widget-project_slider bdevs-el project_slider\" data-id=\"f832a65\" data-element_type=\"widget\" data-settings=\"{&quot;design_style&quot;:&quot;style_3&quot;,&quot;animation_speed&quot;:300,&quot;autoplay&quot;:&quot;yes&quot;,&quot;autoplay_speed&quot;:3000,&quot;loop&quot;:&quot;yes&quot;,&quot;navigation&quot;:&quot;arrow&quot;}\" data-widget_type=\"project_slider.default\">\n\t\t\t\t<div class=\"elementor-widget-container\">\n\t\t\t\t\t        \r\n            <section class=\"portfolio__area\">\r\n                <div class=\"container\">\r\n                    <div class=\"row\">\r\n                                                    <div class=\"col-xxl-4 col-xl-4 col-lg-4 col-md-6\">\r\n                                <div class=\"portfolio__item-3 mb-30 p-relative fix\">\r\n                                                                            <div class=\"portfolio__thumb bdevs-el-content-bg w-img\">\r\n                                            <img decoding=\"async\" src=\"https:\/\/sanpolyboya.com\/wp-content\/uploads\/2021\/12\/portfolio-1-1.jpg\" alt=\"image not found\">\r\n                                        <\/div>\r\n                                                                        <div class=\"portfolio__content-3 transition-3 d-flex align-items-center justify-content-between bdevs-el-content\">\r\n                                        <div class=\"portfolio__content-3-inner\">\r\n                                                                                                                                        <p>Interior Wall Applications<\/p>\r\n                                                                                    <\/div>\r\n                                                                                    <div class=\"portfolio__plus-3 transition-3\">\r\n                                                <a href=\"https:\/\/sanpolyboya.com\/wp-content\/uploads\/2021\/12\/portfolio-1-1.jpg\" class=\"popup-image\"><i class=\"far fa-plus\"><\/i><\/a>\r\n                                            <\/div>\r\n                                                                            <\/div>\r\n                                <\/div>\r\n                            <\/div>\r\n                                                    <div class=\"col-xxl-4 col-xl-4 col-lg-4 col-md-6\">\r\n                                <div class=\"portfolio__item-3 mb-30 p-relative fix\">\r\n                                                                            <div class=\"portfolio__thumb bdevs-el-content-bg w-img\">\r\n                                            <img decoding=\"async\" src=\"https:\/\/sanpolyboya.com\/wp-content\/uploads\/2023\/12\/SAPOL2.png\" alt=\"image not found\">\r\n                                        <\/div>\r\n                                                                        <div class=\"portfolio__content-3 transition-3 d-flex align-items-center justify-content-between bdevs-el-content\">\r\n                                        <div class=\"portfolio__content-3-inner\">\r\n                                                                                                                                        <p>Interior Wall Applications<\/p>\r\n                                                                                    <\/div>\r\n                                                                                    <div class=\"portfolio__plus-3 transition-3\">\r\n                                                <a href=\"https:\/\/sanpolyboya.com\/wp-content\/uploads\/2023\/12\/SAPOL2.png\" class=\"popup-image\"><i class=\"far fa-plus\"><\/i><\/a>\r\n                                            <\/div>\r\n                                                                            <\/div>\r\n                                <\/div>\r\n                            <\/div>\r\n                                                    <div class=\"col-xxl-4 col-xl-4 col-lg-4 col-md-6\">\r\n                                <div class=\"portfolio__item-3 mb-30 p-relative fix\">\r\n                                                                            <div class=\"portfolio__thumb bdevs-el-content-bg w-img\">\r\n                                            <img decoding=\"async\" src=\"https:\/\/sanpolyboya.com\/wp-content\/uploads\/2023\/12\/SANPOL3.png\" alt=\"image not found\">\r\n                                        <\/div>\r\n                                                                        <div class=\"portfolio__content-3 transition-3 d-flex align-items-center justify-content-between bdevs-el-content\">\r\n                                        <div class=\"portfolio__content-3-inner\">\r\n                                                                                                                                        <p>Interior Wall Applications<\/p>\r\n                                                                                    <\/div>\r\n                                                                                    <div class=\"portfolio__plus-3 transition-3\">\r\n                                                <a href=\"https:\/\/sanpolyboya.com\/wp-content\/uploads\/2023\/12\/SANPOL3.png\" class=\"popup-image\"><i class=\"far fa-plus\"><\/i><\/a>\r\n                                            <\/div>\r\n                                                                            <\/div>\r\n                                <\/div>\r\n                            <\/div>\r\n                                                    <div class=\"col-xxl-4 col-xl-4 col-lg-4 col-md-6\">\r\n                                <div class=\"portfolio__item-3 mb-30 p-relative fix\">\r\n                                                                            <div class=\"portfolio__thumb bdevs-el-content-bg w-img\">\r\n                                            <img decoding=\"async\" src=\"https:\/\/sanpolyboya.com\/wp-content\/uploads\/2023\/12\/discephe4.png\" alt=\"image not found\">\r\n                                        <\/div>\r\n                                                                        <div class=\"portfolio__content-3 transition-3 d-flex align-items-center justify-content-between bdevs-el-content\">\r\n                                        <div class=\"portfolio__content-3-inner\">\r\n                                                                                            <h3 class=\"portfolio__title-3 bdevs-el-title\">\r\n                                                    <a href=\"#\">D\u0131\u015f Cephe Uygulamalar\u0131<\/a>\r\n                                                <\/h3>\r\n                                                                                                                                <\/div>\r\n                                                                                    <div class=\"portfolio__plus-3 transition-3\">\r\n                                                <a href=\"https:\/\/sanpolyboya.com\/wp-content\/uploads\/2023\/12\/discephe4.png\" class=\"popup-image\"><i class=\"far fa-plus\"><\/i><\/a>\r\n                                            <\/div>\r\n                                                                            <\/div>\r\n                                <\/div>\r\n                            <\/div>\r\n                                                    <div class=\"col-xxl-4 col-xl-4 col-lg-4 col-md-6\">\r\n                                <div class=\"portfolio__item-3 mb-30 p-relative fix\">\r\n                                                                            <div class=\"portfolio__thumb bdevs-el-content-bg w-img\">\r\n                                            <img decoding=\"async\" src=\"https:\/\/sanpolyboya.com\/wp-content\/uploads\/2024\/01\/projeson.png\" alt=\"image not found\">\r\n                                        <\/div>\r\n                                                                        <div class=\"portfolio__content-3 transition-3 d-flex align-items-center justify-content-between bdevs-el-content\">\r\n                                        <div class=\"portfolio__content-3-inner\">\r\n                                                                                            <h3 class=\"portfolio__title-3 bdevs-el-title\">\r\n                                                    <a href=\"#\">D\u0131\u015f Cephe Uygulamalar\u0131<\/a>\r\n                                                <\/h3>\r\n                                                                                                                                <\/div>\r\n                                                                                    <div class=\"portfolio__plus-3 transition-3\">\r\n                                                <a href=\"https:\/\/sanpolyboya.com\/wp-content\/uploads\/2024\/01\/projeson.png\" class=\"popup-image\"><i class=\"far fa-plus\"><\/i><\/a>\r\n                                            <\/div>\r\n                                                                            <\/div>\r\n                                <\/div>\r\n                            <\/div>\r\n                                                    <div class=\"col-xxl-4 col-xl-4 col-lg-4 col-md-6\">\r\n                                <div class=\"portfolio__item-3 mb-30 p-relative fix\">\r\n                                                                            <div class=\"portfolio__thumb bdevs-el-content-bg w-img\">\r\n                                            <img decoding=\"async\" src=\"https:\/\/sanpolyboya.com\/wp-content\/uploads\/2024\/01\/son3.png\" alt=\"image not found\">\r\n                                        <\/div>\r\n                                                                        <div class=\"portfolio__content-3 transition-3 d-flex align-items-center justify-content-between bdevs-el-content\">\r\n                                        <div class=\"portfolio__content-3-inner\">\r\n                                                                                            <h3 class=\"portfolio__title-3 bdevs-el-title\">\r\n                                                    <a href=\"#\">D\u0131\u015f Cephe Uygulamalar\u0131<\/a>\r\n                                                <\/h3>\r\n                                                                                                                                <\/div>\r\n                                                                                    <div class=\"portfolio__plus-3 transition-3\">\r\n                                                <a href=\"https:\/\/sanpolyboya.com\/wp-content\/uploads\/2024\/01\/son3.png\" class=\"popup-image\"><i class=\"far fa-plus\"><\/i><\/a>\r\n                                            <\/div>\r\n                                                                            <\/div>\r\n                                <\/div>\r\n                            <\/div>\r\n                                            <\/div>\r\n                <\/div>\r\n            <\/section>\r\n\r\n        \r\n\t\t\t\t<\/div>\n\t\t\t\t<\/div>\n\t\t\t\t\t<\/div>\n\t\t<\/div>\n\t\t\t\t\t<\/div>\n\t\t<\/section>\n\t\t\t\t<\/div>","protected":false},"excerpt":{"rendered":"<p>Projelerimiz &#8220;Her Dokunu\u015fta Kalite, Her Katmanda Estetik \u0130\u00e7 Cephe Uygulamalar\u0131 \u0130\u00e7 Cephe Uygulamalar\u0131 \u0130\u00e7 Cephe Uygulamalar\u0131 D\u0131\u015f Cephe Uygulamalar\u0131 D\u0131\u015f Cephe Uygulamalar\u0131 D\u0131\u015f Cephe Uygulamalar\u0131<\/p>","protected":false},"author":1,"featured_media":0,"parent":0,"menu_order":0,"comment_status":"closed","ping_status":"closed","template":"elementor_header_footer","meta":{"_acf_changed":false,"footnotes":""},"class_list":["post-2033","page","type-page","status-publish","hentry"],"acf":[],"_links":{"self":[{"href":"https:\/\/sanpolyboya.com\/en\/wp-json\/wp\/v2\/pages\/2033","targetHints":{"allow":["GET"]}}],"collection":[{"href":"https:\/\/sanpolyboya.com\/en\/wp-json\/wp\/v2\/pages"}],"about":[{"href":"https:\/\/sanpolyboya.com\/en\/wp-json\/wp\/v2\/types\/page"}],"author":[{"embeddable":true,"href":"https:\/\/sanpolyboya.com\/en\/wp-json\/wp\/v2\/users\/1"}],"replies":[{"embeddable":true,"href":"https:\/\/sanpolyboya.com\/en\/wp-json\/wp\/v2\/comments?post=2033"}],"version-history":[{"count":0,"href":"https:\/\/sanpolyboya.com\/en\/wp-json\/wp\/v2\/pages\/2033\/revisions"}],"wp:attachment":[{"href":"https:\/\/sanpolyboya.com\/en\/wp-json\/wp\/v2\/media?parent=2033"}],"curies":[{"name":"wp","href":"https:\/\/api.w.org\/{rel}","templated":true}]}}