{"id":2655,"date":"2023-11-28T10:33:55","date_gmt":"2023-11-28T10:33:55","guid":{"rendered":"http:\/\/sanpolyboya.com\/?page_id=2655"},"modified":"2023-11-29T14:38:40","modified_gmt":"2023-11-29T14:38:40","slug":"kartela-calisma","status":"publish","type":"page","link":"https:\/\/sanpolyboya.com\/en\/kartela-calisma\/","title":{"rendered":"Kartela"},"content":{"rendered":"<div data-elementor-type=\"wp-page\" data-elementor-id=\"2655\" class=\"elementor elementor-2655\" data-elementor-post-type=\"page\">\n\t\t\t\t\t\t<section class=\"elementor-section elementor-top-section elementor-element elementor-element-2532e9fb elementor-section-height-min-height elementor-section-boxed elementor-section-height-default elementor-section-items-middle\" data-id=\"2532e9fb\" data-element_type=\"section\" data-settings=\"{&quot;background_background&quot;:&quot;classic&quot;,&quot;background_motion_fx_motion_fx_scrolling&quot;:&quot;yes&quot;,&quot;background_motion_fx_translateY_effect&quot;:&quot;yes&quot;,&quot;background_motion_fx_translateY_speed&quot;:{&quot;unit&quot;:&quot;px&quot;,&quot;size&quot;:7,&quot;sizes&quot;:[]},&quot;background_motion_fx_translateY_affectedRange&quot;:{&quot;unit&quot;:&quot;%&quot;,&quot;size&quot;:&quot;&quot;,&quot;sizes&quot;:{&quot;start&quot;:0,&quot;end&quot;:100}},&quot;background_motion_fx_devices&quot;:[&quot;desktop&quot;,&quot;tablet&quot;,&quot;mobile&quot;]}\">\n\t\t\t\t\t\t\t<div class=\"elementor-background-overlay\"><\/div>\n\t\t\t\t\t\t\t<div class=\"elementor-container elementor-column-gap-default\">\n\t\t\t\t\t<div class=\"elementor-column elementor-col-100 elementor-top-column elementor-element elementor-element-77299e35\" data-id=\"77299e35\" data-element_type=\"column\">\n\t\t\t<div class=\"elementor-widget-wrap elementor-element-populated\">\n\t\t\t\t\t\t<div class=\"elementor-element elementor-element-44e9c7d3 elementor-invisible elementor-widget elementor-widget-heading bdevs-el heading\" data-id=\"44e9c7d3\" data-element_type=\"widget\" data-settings=\"{&quot;_animation&quot;:&quot;fadeInUp&quot;,&quot;design_style&quot;:&quot;style_1&quot;}\" data-widget_type=\"heading.default\">\n\t\t\t\t<div class=\"elementor-widget-container\">\n\t\t\t\t\t\r\n\r\n        \r\n\r\n                            <div class=\"section__title-wrapper\">\r\n                                            <span class=\"section__title-pre center bdevs-el-subtitle\">We Bring Aesthetics to Your Walls<\/span>\r\n                    \r\n                    <h2 class=\"section__title bdevs-el-title\" data-wow-delay=\".2s\">Kartela<\/h2>\r\n                                    <\/div>\r\n                    \r\n\t\t\t\t<\/div>\n\t\t\t\t<\/div>\n\t\t\t\t\t<\/div>\n\t\t<\/div>\n\t\t\t\t\t<\/div>\n\t\t<\/section>\n\t\t<div class=\"elementor-element elementor-element-f98f400 e-flex e-con-boxed e-con e-parent\" data-id=\"f98f400\" data-element_type=\"container\">\n\t\t\t\t\t<div class=\"e-con-inner\">\n\t\t<div class=\"elementor-element elementor-element-187f334 e-flex e-con-boxed e-con e-child\" data-id=\"187f334\" data-element_type=\"container\">\n\t\t\t\t\t<div class=\"e-con-inner\">\n\t\t<div class=\"elementor-element elementor-element-ead83d6 e-con-full e-flex e-con e-child\" data-id=\"ead83d6\" data-element_type=\"container\" data-settings=\"{&quot;background_background&quot;:&quot;classic&quot;}\">\n\t\t\t\t<div class=\"elementor-element elementor-element-b38bae8 elementor-widget elementor-widget-cta bdevs-el cta\" data-id=\"b38bae8\" data-element_type=\"widget\" data-settings=\"{&quot;design_style&quot;:&quot;style_1&quot;}\" data-widget_type=\"cta.default\">\n\t\t\t\t<div class=\"elementor-widget-container\">\n\t\t\t\t\t\r\n        \r\n            <section class=\"cta__areas\">\r\n                <div class=\"container\">\r\n                    <div class=\"row\">\r\n                        <div class=\"col-xl-10 offset-xl-1\">\r\n                            <div class=\"cta__content text-center bdevs-el-content\">\r\n                                                                    <span class=\"wow fadeInUp2 bdevs-el-subtitle\" data-wow-delay=\".2s\">Sanpoly Boya\u2019n\u0131n E\u015fsiz Renk D\u00fcnyas\u0131n\u0131 Ke\u015ffedin!<\/span>\r\n                                                                <h1 class=\"z-title wow fadeInUp2 bdevs-el-title\" data-wow-delay=\".4s\">DI\u015e CEPHE RENK KARTELASI<span>.<\/span><\/h1>                                                        <div class=\"cta__btn wow fadeInUp2\" data-wow-delay=\".6s\">\r\n                                                                    <a class=\"z-btn z-btn-white mb-30 bdevs-el-btn\" href=\"http:\/\/sanpolyboya.com\/en\/dis-cephe-kartela\/\">T\u00dcM RENKLER\u0130 G\u00d6R\u00dcNT\u00dcLEY\u0130N<\/a>\r\n                                \r\n                                <!-- btn 2 -->\r\n                                                            <\/div>\r\n                            <\/div>\r\n                        <\/div>\r\n                    <\/div>\r\n                <\/div>\r\n            <\/section>\r\n\r\n\r\n\r\n    \t\t\t\t<\/div>\n\t\t\t\t<\/div>\n\t\t\t\t<\/div>\n\t\t<div class=\"elementor-element elementor-element-aa3f81e e-con-full e-flex e-con e-child\" data-id=\"aa3f81e\" data-element_type=\"container\" data-settings=\"{&quot;background_background&quot;:&quot;classic&quot;}\">\n\t\t\t\t<div class=\"elementor-element elementor-element-eb3811e elementor-widget elementor-widget-cta bdevs-el cta\" data-id=\"eb3811e\" data-element_type=\"widget\" data-settings=\"{&quot;design_style&quot;:&quot;style_1&quot;}\" data-widget_type=\"cta.default\">\n\t\t\t\t<div class=\"elementor-widget-container\">\n\t\t\t\t\t\r\n        \r\n            <section class=\"cta__areas\">\r\n                <div class=\"container\">\r\n                    <div class=\"row\">\r\n                        <div class=\"col-xl-10 offset-xl-1\">\r\n                            <div class=\"cta__content text-center bdevs-el-content\">\r\n                                                                    <span class=\"wow fadeInUp2 bdevs-el-subtitle\" data-wow-delay=\".2s\">Sanpoly Boya\u2019n\u0131n E\u015fsiz Renk D\u00fcnyas\u0131n\u0131 Ke\u015ffedin!<\/span>\r\n                                                                <h1 class=\"z-title wow fadeInUp2 bdevs-el-title\" data-wow-delay=\".4s\">\u0130\u00c7 CEPHE RENK KARTELASI <span>.<\/span><\/h1>                                                        <div class=\"cta__btn wow fadeInUp2\" data-wow-delay=\".6s\">\r\n                                                                    <a class=\"z-btn z-btn-white mb-30 bdevs-el-btn\" href=\"http:\/\/sanpolyboya.com\/en\/ic-cephe-kartela\/\">T\u00dcM RENKLER\u0130 G\u00d6R\u00dcNT\u00dcLEY\u0130N<\/a>\r\n                                \r\n                                <!-- btn 2 -->\r\n                                                            <\/div>\r\n                            <\/div>\r\n                        <\/div>\r\n                    <\/div>\r\n                <\/div>\r\n            <\/section>\r\n\r\n\r\n\r\n    \t\t\t\t<\/div>\n\t\t\t\t<\/div>\n\t\t\t\t<\/div>\n\t\t\t\t\t<\/div>\n\t\t\t\t<\/div>\n\t\t\t\t\t<\/div>\n\t\t\t\t<\/div>\n\t\t\t\t<\/div>","protected":false},"excerpt":{"rendered":"<p>&#8220;Esteti\u011fi Duvarlar\u0131n\u0131za Ta\u015f\u0131yoruz Kartela Sanpoly Boya\u2019n\u0131n E\u015fsiz Renk D\u00fcnyas\u0131n\u0131 Ke\u015ffedin! DI\u015e CEPHE RENK KARTELASI. T\u00dcM RENKLER\u0130 G\u00d6R\u00dcNT\u00dcLEY\u0130N Sanpoly Boya\u2019n\u0131n E\u015fsiz Renk D\u00fcnyas\u0131n\u0131 Ke\u015ffedin! \u0130\u00c7 CEPHE RENK KARTELASI . T\u00dcM RENKLER\u0130 G\u00d6R\u00dcNT\u00dcLEY\u0130N<\/p>","protected":false},"author":1,"featured_media":0,"parent":0,"menu_order":0,"comment_status":"closed","ping_status":"closed","template":"elementor_header_footer","meta":{"_acf_changed":false,"footnotes":""},"class_list":["post-2655","page","type-page","status-publish","hentry"],"acf":[],"_links":{"self":[{"href":"https:\/\/sanpolyboya.com\/en\/wp-json\/wp\/v2\/pages\/2655","targetHints":{"allow":["GET"]}}],"collection":[{"href":"https:\/\/sanpolyboya.com\/en\/wp-json\/wp\/v2\/pages"}],"about":[{"href":"https:\/\/sanpolyboya.com\/en\/wp-json\/wp\/v2\/types\/page"}],"author":[{"embeddable":true,"href":"https:\/\/sanpolyboya.com\/en\/wp-json\/wp\/v2\/users\/1"}],"replies":[{"embeddable":true,"href":"https:\/\/sanpolyboya.com\/en\/wp-json\/wp\/v2\/comments?post=2655"}],"version-history":[{"count":0,"href":"https:\/\/sanpolyboya.com\/en\/wp-json\/wp\/v2\/pages\/2655\/revisions"}],"wp:attachment":[{"href":"https:\/\/sanpolyboya.com\/en\/wp-json\/wp\/v2\/media?parent=2655"}],"curies":[{"name":"wp","href":"https:\/\/api.w.org\/{rel}","templated":true}]}}