{"id":2827,"date":"2023-11-28T13:42:28","date_gmt":"2023-11-28T13:42:28","guid":{"rendered":"http:\/\/sanpolyboya.com\/?page_id=2827"},"modified":"2024-01-03T06:37:01","modified_gmt":"2024-01-03T06:37:01","slug":"ic-cephe-kartela","status":"publish","type":"page","link":"https:\/\/sanpolyboya.com\/en\/ic-cephe-kartela\/","title":{"rendered":"\u0130\u00e7 Cephe Kartela"},"content":{"rendered":"<div data-elementor-type=\"wp-page\" data-elementor-id=\"2827\" class=\"elementor elementor-2827\" data-elementor-post-type=\"page\">\n\t\t\t\t\t\t<section class=\"elementor-section elementor-top-section elementor-element elementor-element-13b160aa elementor-section-height-min-height elementor-section-boxed elementor-section-height-default elementor-section-items-middle\" data-id=\"13b160aa\" data-element_type=\"section\" data-settings=\"{&quot;background_background&quot;:&quot;classic&quot;,&quot;background_motion_fx_motion_fx_scrolling&quot;:&quot;yes&quot;,&quot;background_motion_fx_translateY_effect&quot;:&quot;yes&quot;,&quot;background_motion_fx_translateY_speed&quot;:{&quot;unit&quot;:&quot;px&quot;,&quot;size&quot;:7,&quot;sizes&quot;:[]},&quot;background_motion_fx_translateY_affectedRange&quot;:{&quot;unit&quot;:&quot;%&quot;,&quot;size&quot;:&quot;&quot;,&quot;sizes&quot;:{&quot;start&quot;:0,&quot;end&quot;:100}},&quot;background_motion_fx_devices&quot;:[&quot;desktop&quot;,&quot;tablet&quot;,&quot;mobile&quot;]}\">\n\t\t\t\t\t\t\t<div class=\"elementor-background-overlay\"><\/div>\n\t\t\t\t\t\t\t<div class=\"elementor-container elementor-column-gap-default\">\n\t\t\t\t\t<div class=\"elementor-column elementor-col-100 elementor-top-column elementor-element elementor-element-63192cba\" data-id=\"63192cba\" data-element_type=\"column\">\n\t\t\t<div class=\"elementor-widget-wrap elementor-element-populated\">\n\t\t\t\t\t\t<div class=\"elementor-element elementor-element-345c8d71 elementor-invisible elementor-widget elementor-widget-heading bdevs-el heading\" data-id=\"345c8d71\" data-element_type=\"widget\" data-settings=\"{&quot;_animation&quot;:&quot;fadeInUp&quot;,&quot;design_style&quot;:&quot;style_1&quot;}\" data-widget_type=\"heading.default\">\n\t\t\t\t<div class=\"elementor-widget-container\">\n\t\t\t\t\t\r\n\r\n        \r\n\r\n                            <div class=\"section__title-wrapper\">\r\n                                            <span class=\"section__title-pre center bdevs-el-subtitle\">We Bring Aesthetics to Your Walls<\/span>\r\n                    \r\n                    <h2 class=\"section__title bdevs-el-title\" data-wow-delay=\".2s\">\u0130\u00e7 Cephe Kartela<\/h2>\r\n                                    <\/div>\r\n                    \r\n\t\t\t\t<\/div>\n\t\t\t\t<\/div>\n\t\t\t\t\t<\/div>\n\t\t<\/div>\n\t\t\t\t\t<\/div>\n\t\t<\/section>\n\t\t<div class=\"elementor-element elementor-element-015e6bf e-flex e-con-boxed e-con e-parent\" data-id=\"015e6bf\" data-element_type=\"container\">\n\t\t\t\t\t<div class=\"e-con-inner\">\n\t\t<div class=\"elementor-element elementor-element-c2d7b33 e-con-full e-flex e-con e-child\" data-id=\"c2d7b33\" data-element_type=\"container\">\n\t\t\t\t<div class=\"elementor-element elementor-element-023075e elementor-widget elementor-widget-image\" data-id=\"023075e\" data-element_type=\"widget\" data-widget_type=\"image.default\">\n\t\t\t\t<div class=\"elementor-widget-container\">\n\t\t\t\t\t\t\t\t\t\t\t\t\t\t\t<img fetchpriority=\"high\" decoding=\"async\" width=\"640\" height=\"469\" src=\"https:\/\/sanpolyboya.com\/wp-content\/uploads\/2023\/11\/1-1024x751.jpg\" class=\"attachment-large size-large wp-image-2829\" alt=\"\" srcset=\"https:\/\/sanpolyboya.com\/wp-content\/uploads\/2023\/11\/1-1024x751.jpg 1024w, https:\/\/sanpolyboya.com\/wp-content\/uploads\/2023\/11\/1-scaled-600x440.jpg 600w, https:\/\/sanpolyboya.com\/wp-content\/uploads\/2023\/11\/1-300x220.jpg 300w, https:\/\/sanpolyboya.com\/wp-content\/uploads\/2023\/11\/1-768x563.jpg 768w, https:\/\/sanpolyboya.com\/wp-content\/uploads\/2023\/11\/1-1536x1126.jpg 1536w, https:\/\/sanpolyboya.com\/wp-content\/uploads\/2023\/11\/1-2048x1501.jpg 2048w\" sizes=\"(max-width: 640px) 100vw, 640px\" \/>\t\t\t\t\t\t\t\t\t\t\t\t\t\t\t<\/div>\n\t\t\t\t<\/div>\n\t\t\t\t<\/div>\n\t\t<div class=\"elementor-element elementor-element-359191e e-con-full e-flex e-con e-child\" data-id=\"359191e\" data-element_type=\"container\">\n\t\t\t\t<div class=\"elementor-element elementor-element-2d09de4 elementor-widget elementor-widget-image\" data-id=\"2d09de4\" data-element_type=\"widget\" data-widget_type=\"image.default\">\n\t\t\t\t<div class=\"elementor-widget-container\">\n\t\t\t\t\t\t\t\t\t\t\t\t\t\t\t<img decoding=\"async\" width=\"640\" height=\"469\" src=\"https:\/\/sanpolyboya.com\/wp-content\/uploads\/2023\/11\/ic2-1024x751.jpg\" class=\"attachment-large size-large wp-image-2831\" alt=\"\" srcset=\"https:\/\/sanpolyboya.com\/wp-content\/uploads\/2023\/11\/ic2-1024x751.jpg 1024w, https:\/\/sanpolyboya.com\/wp-content\/uploads\/2023\/11\/ic2-scaled-600x440.jpg 600w, https:\/\/sanpolyboya.com\/wp-content\/uploads\/2023\/11\/ic2-300x220.jpg 300w, https:\/\/sanpolyboya.com\/wp-content\/uploads\/2023\/11\/ic2-768x563.jpg 768w, https:\/\/sanpolyboya.com\/wp-content\/uploads\/2023\/11\/ic2-1536x1126.jpg 1536w, https:\/\/sanpolyboya.com\/wp-content\/uploads\/2023\/11\/ic2-2048x1501.jpg 2048w\" sizes=\"(max-width: 640px) 100vw, 640px\" \/>\t\t\t\t\t\t\t\t\t\t\t\t\t\t\t<\/div>\n\t\t\t\t<\/div>\n\t\t\t\t<\/div>\n\t\t\t\t\t<\/div>\n\t\t\t\t<\/div>\n\t\t<div class=\"elementor-element elementor-element-899fb6a e-flex e-con-boxed e-con e-parent\" data-id=\"899fb6a\" data-element_type=\"container\">\n\t\t\t\t\t<div class=\"e-con-inner\">\n\t\t<div class=\"elementor-element elementor-element-0413a84 e-con-full e-flex e-con e-child\" data-id=\"0413a84\" data-element_type=\"container\">\n\t\t\t\t<div class=\"elementor-element elementor-element-f3d5bef elementor-widget elementor-widget-image\" data-id=\"f3d5bef\" data-element_type=\"widget\" data-widget_type=\"image.default\">\n\t\t\t\t<div class=\"elementor-widget-container\">\n\t\t\t\t\t\t\t\t\t\t\t\t\t\t\t<img decoding=\"async\" width=\"640\" height=\"469\" src=\"https:\/\/sanpolyboya.com\/wp-content\/uploads\/2023\/11\/3-1024x751.jpg\" class=\"attachment-large size-large wp-image-2835\" alt=\"\" srcset=\"https:\/\/sanpolyboya.com\/wp-content\/uploads\/2023\/11\/3-1024x751.jpg 1024w, https:\/\/sanpolyboya.com\/wp-content\/uploads\/2023\/11\/3-scaled-600x440.jpg 600w, https:\/\/sanpolyboya.com\/wp-content\/uploads\/2023\/11\/3-300x220.jpg 300w, https:\/\/sanpolyboya.com\/wp-content\/uploads\/2023\/11\/3-768x563.jpg 768w, https:\/\/sanpolyboya.com\/wp-content\/uploads\/2023\/11\/3-1536x1126.jpg 1536w, https:\/\/sanpolyboya.com\/wp-content\/uploads\/2023\/11\/3-2048x1501.jpg 2048w\" sizes=\"(max-width: 640px) 100vw, 640px\" \/>\t\t\t\t\t\t\t\t\t\t\t\t\t\t\t<\/div>\n\t\t\t\t<\/div>\n\t\t\t\t<\/div>\n\t\t<div class=\"elementor-element elementor-element-118083c e-con-full e-flex e-con e-child\" data-id=\"118083c\" data-element_type=\"container\">\n\t\t\t\t<div class=\"elementor-element elementor-element-321f93a elementor-widget elementor-widget-image\" data-id=\"321f93a\" data-element_type=\"widget\" data-widget_type=\"image.default\">\n\t\t\t\t<div class=\"elementor-widget-container\">\n\t\t\t\t\t\t\t\t\t\t\t\t\t\t\t<img loading=\"lazy\" decoding=\"async\" width=\"640\" height=\"469\" src=\"https:\/\/sanpolyboya.com\/wp-content\/uploads\/2023\/11\/4-1024x751.jpg\" class=\"attachment-large size-large wp-image-2845\" alt=\"\" srcset=\"https:\/\/sanpolyboya.com\/wp-content\/uploads\/2023\/11\/4-1024x751.jpg 1024w, https:\/\/sanpolyboya.com\/wp-content\/uploads\/2023\/11\/4-scaled-600x440.jpg 600w, https:\/\/sanpolyboya.com\/wp-content\/uploads\/2023\/11\/4-300x220.jpg 300w, https:\/\/sanpolyboya.com\/wp-content\/uploads\/2023\/11\/4-768x563.jpg 768w, https:\/\/sanpolyboya.com\/wp-content\/uploads\/2023\/11\/4-1536x1126.jpg 1536w, https:\/\/sanpolyboya.com\/wp-content\/uploads\/2023\/11\/4-2048x1501.jpg 2048w\" sizes=\"(max-width: 640px) 100vw, 640px\" \/>\t\t\t\t\t\t\t\t\t\t\t\t\t\t\t<\/div>\n\t\t\t\t<\/div>\n\t\t\t\t<\/div>\n\t\t\t\t\t<\/div>\n\t\t\t\t<\/div>\n\t\t<div class=\"elementor-element elementor-element-bf53b89 e-flex e-con-boxed e-con e-parent\" data-id=\"bf53b89\" data-element_type=\"container\">\n\t\t\t\t\t<div class=\"e-con-inner\">\n\t\t\t\t<div class=\"elementor-element elementor-element-c06a1e3 elementor-widget elementor-widget-text-editor\" data-id=\"c06a1e3\" data-element_type=\"widget\" data-widget_type=\"text-editor.default\">\n\t\t\t\t<div class=\"elementor-widget-container\">\n\t\t\t\t\t\t\t\t\t<p><strong>Ekranda g\u00f6r\u00fcnen renk tonlar\u0131 ger\u00e7ek boya renk tonlar\u0131 farkl\u0131l\u0131k g\u00f6sterebilir.<\/strong><\/p>\t\t\t\t\t\t\t\t<\/div>\n\t\t\t\t<\/div>\n\t\t\t\t\t<\/div>\n\t\t\t\t<\/div>\n\t\t\t\t<\/div>","protected":false},"excerpt":{"rendered":"<p>&#8220;Esteti\u011fi Duvarlar\u0131n\u0131za Ta\u015f\u0131yoruz \u0130\u00e7 Cephe Kartela Ekranda g\u00f6r\u00fcnen renk tonlar\u0131 ger\u00e7ek boya renk tonlar\u0131 farkl\u0131l\u0131k g\u00f6sterebilir.<\/p>","protected":false},"author":1,"featured_media":0,"parent":0,"menu_order":0,"comment_status":"closed","ping_status":"closed","template":"elementor_header_footer","meta":{"_acf_changed":false,"footnotes":""},"class_list":["post-2827","page","type-page","status-publish","hentry"],"acf":[],"_links":{"self":[{"href":"https:\/\/sanpolyboya.com\/en\/wp-json\/wp\/v2\/pages\/2827","targetHints":{"allow":["GET"]}}],"collection":[{"href":"https:\/\/sanpolyboya.com\/en\/wp-json\/wp\/v2\/pages"}],"about":[{"href":"https:\/\/sanpolyboya.com\/en\/wp-json\/wp\/v2\/types\/page"}],"author":[{"embeddable":true,"href":"https:\/\/sanpolyboya.com\/en\/wp-json\/wp\/v2\/users\/1"}],"replies":[{"embeddable":true,"href":"https:\/\/sanpolyboya.com\/en\/wp-json\/wp\/v2\/comments?post=2827"}],"version-history":[{"count":4,"href":"https:\/\/sanpolyboya.com\/en\/wp-json\/wp\/v2\/pages\/2827\/revisions"}],"predecessor-version":[{"id":3974,"href":"https:\/\/sanpolyboya.com\/en\/wp-json\/wp\/v2\/pages\/2827\/revisions\/3974"}],"wp:attachment":[{"href":"https:\/\/sanpolyboya.com\/en\/wp-json\/wp\/v2\/media?parent=2827"}],"curies":[{"name":"wp","href":"https:\/\/api.w.org\/{rel}","templated":true}]}}