{"id":3013,"date":"2023-11-29T14:29:09","date_gmt":"2023-11-29T14:29:09","guid":{"rendered":"http:\/\/sanpolyboya.com\/?page_id=3013"},"modified":"2024-01-03T06:35:43","modified_gmt":"2024-01-03T06:35:43","slug":"dis-cephe-kartela","status":"publish","type":"page","link":"https:\/\/sanpolyboya.com\/en\/dis-cephe-kartela\/","title":{"rendered":"D\u0131\u015f Cephe Kartela"},"content":{"rendered":"<div data-elementor-type=\"wp-page\" data-elementor-id=\"3013\" class=\"elementor elementor-3013\" data-elementor-post-type=\"page\">\n\t\t\t\t\t\t<section class=\"elementor-section elementor-top-section elementor-element elementor-element-2f90b0d9 elementor-section-height-min-height elementor-section-boxed elementor-section-height-default elementor-section-items-middle\" data-id=\"2f90b0d9\" data-element_type=\"section\" data-settings=\"{&quot;background_background&quot;:&quot;classic&quot;,&quot;background_motion_fx_motion_fx_scrolling&quot;:&quot;yes&quot;,&quot;background_motion_fx_translateY_effect&quot;:&quot;yes&quot;,&quot;background_motion_fx_translateY_speed&quot;:{&quot;unit&quot;:&quot;px&quot;,&quot;size&quot;:7,&quot;sizes&quot;:[]},&quot;background_motion_fx_translateY_affectedRange&quot;:{&quot;unit&quot;:&quot;%&quot;,&quot;size&quot;:&quot;&quot;,&quot;sizes&quot;:{&quot;start&quot;:0,&quot;end&quot;:100}},&quot;background_motion_fx_devices&quot;:[&quot;desktop&quot;,&quot;tablet&quot;,&quot;mobile&quot;]}\">\n\t\t\t\t\t\t\t<div class=\"elementor-background-overlay\"><\/div>\n\t\t\t\t\t\t\t<div class=\"elementor-container elementor-column-gap-default\">\n\t\t\t\t\t<div class=\"elementor-column elementor-col-100 elementor-top-column elementor-element elementor-element-4c952702\" data-id=\"4c952702\" data-element_type=\"column\">\n\t\t\t<div class=\"elementor-widget-wrap elementor-element-populated\">\n\t\t\t\t\t\t<div class=\"elementor-element elementor-element-3c3b4d15 elementor-invisible elementor-widget elementor-widget-heading bdevs-el heading\" data-id=\"3c3b4d15\" data-element_type=\"widget\" data-settings=\"{&quot;_animation&quot;:&quot;fadeInUp&quot;,&quot;design_style&quot;:&quot;style_1&quot;}\" data-widget_type=\"heading.default\">\n\t\t\t\t<div class=\"elementor-widget-container\">\n\t\t\t\t\t\r\n\r\n        \r\n\r\n                            <div class=\"section__title-wrapper\">\r\n                                            <span class=\"section__title-pre center bdevs-el-subtitle\">We Bring Aesthetics to Your Walls<\/span>\r\n                    \r\n                    <h2 class=\"section__title bdevs-el-title\" data-wow-delay=\".2s\">D\u0131\u015f Cephe Kartela<\/h2>\r\n                                    <\/div>\r\n                    \r\n\t\t\t\t<\/div>\n\t\t\t\t<\/div>\n\t\t\t\t\t<\/div>\n\t\t<\/div>\n\t\t\t\t\t<\/div>\n\t\t<\/section>\n\t\t<div class=\"elementor-element elementor-element-9a4415e e-flex e-con-boxed e-con e-parent\" data-id=\"9a4415e\" data-element_type=\"container\">\n\t\t\t\t\t<div class=\"e-con-inner\">\n\t\t<div class=\"elementor-element elementor-element-791e319 e-con-full e-flex e-con e-child\" data-id=\"791e319\" data-element_type=\"container\">\n\t\t\t\t<div class=\"elementor-element elementor-element-d8ce61a elementor-widget elementor-widget-image\" data-id=\"d8ce61a\" data-element_type=\"widget\" data-widget_type=\"image.default\">\n\t\t\t\t<div class=\"elementor-widget-container\">\n\t\t\t\t\t\t\t\t\t\t\t\t\t\t\t<img fetchpriority=\"high\" decoding=\"async\" width=\"640\" height=\"469\" src=\"https:\/\/sanpolyboya.com\/wp-content\/uploads\/2023\/11\/d1.jpg\" class=\"attachment-large size-large wp-image-3015\" alt=\"\" srcset=\"https:\/\/sanpolyboya.com\/wp-content\/uploads\/2023\/11\/d1.jpg 768w, https:\/\/sanpolyboya.com\/wp-content\/uploads\/2023\/11\/d1-300x220.jpg 300w, https:\/\/sanpolyboya.com\/wp-content\/uploads\/2023\/11\/d1-600x440.jpg 600w\" sizes=\"(max-width: 640px) 100vw, 640px\" \/>\t\t\t\t\t\t\t\t\t\t\t\t\t\t\t<\/div>\n\t\t\t\t<\/div>\n\t\t\t\t<\/div>\n\t\t<div class=\"elementor-element elementor-element-7887073 e-con-full e-flex e-con e-child\" data-id=\"7887073\" data-element_type=\"container\">\n\t\t\t\t<div class=\"elementor-element elementor-element-e02d05f elementor-widget elementor-widget-image\" data-id=\"e02d05f\" data-element_type=\"widget\" data-widget_type=\"image.default\">\n\t\t\t\t<div class=\"elementor-widget-container\">\n\t\t\t\t\t\t\t\t\t\t\t\t\t\t\t<img decoding=\"async\" width=\"640\" height=\"469\" src=\"https:\/\/sanpolyboya.com\/wp-content\/uploads\/2023\/11\/d2.jpg\" class=\"attachment-large size-large wp-image-3016\" alt=\"\" srcset=\"https:\/\/sanpolyboya.com\/wp-content\/uploads\/2023\/11\/d2.jpg 768w, https:\/\/sanpolyboya.com\/wp-content\/uploads\/2023\/11\/d2-300x220.jpg 300w, https:\/\/sanpolyboya.com\/wp-content\/uploads\/2023\/11\/d2-600x440.jpg 600w\" sizes=\"(max-width: 640px) 100vw, 640px\" \/>\t\t\t\t\t\t\t\t\t\t\t\t\t\t\t<\/div>\n\t\t\t\t<\/div>\n\t\t\t\t<\/div>\n\t\t\t\t\t<\/div>\n\t\t\t\t<\/div>\n\t\t<div class=\"elementor-element elementor-element-afedb5d e-flex e-con-boxed e-con e-parent\" data-id=\"afedb5d\" data-element_type=\"container\">\n\t\t\t\t\t<div class=\"e-con-inner\">\n\t\t<div class=\"elementor-element elementor-element-a64a035 e-con-full e-flex e-con e-child\" data-id=\"a64a035\" data-element_type=\"container\">\n\t\t\t\t<div class=\"elementor-element elementor-element-f9fce9e elementor-widget elementor-widget-image\" data-id=\"f9fce9e\" data-element_type=\"widget\" data-widget_type=\"image.default\">\n\t\t\t\t<div class=\"elementor-widget-container\">\n\t\t\t\t\t\t\t\t\t\t\t\t\t\t\t<img decoding=\"async\" width=\"640\" height=\"469\" src=\"https:\/\/sanpolyboya.com\/wp-content\/uploads\/2023\/11\/d3.jpg\" class=\"attachment-large size-large wp-image-3017\" alt=\"\" srcset=\"https:\/\/sanpolyboya.com\/wp-content\/uploads\/2023\/11\/d3.jpg 768w, https:\/\/sanpolyboya.com\/wp-content\/uploads\/2023\/11\/d3-300x220.jpg 300w, https:\/\/sanpolyboya.com\/wp-content\/uploads\/2023\/11\/d3-600x440.jpg 600w\" sizes=\"(max-width: 640px) 100vw, 640px\" \/>\t\t\t\t\t\t\t\t\t\t\t\t\t\t\t<\/div>\n\t\t\t\t<\/div>\n\t\t\t\t<\/div>\n\t\t<div class=\"elementor-element elementor-element-69ce006 e-con-full e-flex e-con e-child\" data-id=\"69ce006\" data-element_type=\"container\">\n\t\t\t\t<div class=\"elementor-element elementor-element-ea4c5cf elementor-widget elementor-widget-image\" data-id=\"ea4c5cf\" data-element_type=\"widget\" data-widget_type=\"image.default\">\n\t\t\t\t<div class=\"elementor-widget-container\">\n\t\t\t\t\t\t\t\t\t\t\t\t\t\t\t<img loading=\"lazy\" decoding=\"async\" width=\"640\" height=\"469\" src=\"https:\/\/sanpolyboya.com\/wp-content\/uploads\/2023\/11\/d4.jpg\" class=\"attachment-large size-large wp-image-3018\" alt=\"\" srcset=\"https:\/\/sanpolyboya.com\/wp-content\/uploads\/2023\/11\/d4.jpg 768w, https:\/\/sanpolyboya.com\/wp-content\/uploads\/2023\/11\/d4-300x220.jpg 300w, https:\/\/sanpolyboya.com\/wp-content\/uploads\/2023\/11\/d4-600x440.jpg 600w\" sizes=\"(max-width: 640px) 100vw, 640px\" \/>\t\t\t\t\t\t\t\t\t\t\t\t\t\t\t<\/div>\n\t\t\t\t<\/div>\n\t\t\t\t<\/div>\n\t\t\t\t\t<\/div>\n\t\t\t\t<\/div>\n\t\t<div class=\"elementor-element elementor-element-0103fee e-flex e-con-boxed e-con e-parent\" data-id=\"0103fee\" data-element_type=\"container\">\n\t\t\t\t\t<div class=\"e-con-inner\">\n\t\t\t\t<div class=\"elementor-element elementor-element-1250758 elementor-widget elementor-widget-text-editor\" data-id=\"1250758\" data-element_type=\"widget\" data-widget_type=\"text-editor.default\">\n\t\t\t\t<div class=\"elementor-widget-container\">\n\t\t\t\t\t\t\t\t\t<p><strong>Ekranda g\u00f6r\u00fcnen renk tonlar\u0131 ger\u00e7ek boya renk tonlar\u0131 farkl\u0131l\u0131k g\u00f6sterebilir.<\/strong><\/p>\t\t\t\t\t\t\t\t<\/div>\n\t\t\t\t<\/div>\n\t\t\t\t\t<\/div>\n\t\t\t\t<\/div>\n\t\t\t\t<\/div>","protected":false},"excerpt":{"rendered":"<p>&#8220;Esteti\u011fi Duvarlar\u0131n\u0131za Ta\u015f\u0131yoruz D\u0131\u015f Cephe Kartela Ekranda g\u00f6r\u00fcnen renk tonlar\u0131 ger\u00e7ek boya renk tonlar\u0131 farkl\u0131l\u0131k g\u00f6sterebilir.<\/p>","protected":false},"author":1,"featured_media":0,"parent":0,"menu_order":0,"comment_status":"closed","ping_status":"closed","template":"elementor_header_footer","meta":{"_acf_changed":false,"footnotes":""},"class_list":["post-3013","page","type-page","status-publish","hentry"],"acf":[],"_links":{"self":[{"href":"https:\/\/sanpolyboya.com\/en\/wp-json\/wp\/v2\/pages\/3013","targetHints":{"allow":["GET"]}}],"collection":[{"href":"https:\/\/sanpolyboya.com\/en\/wp-json\/wp\/v2\/pages"}],"about":[{"href":"https:\/\/sanpolyboya.com\/en\/wp-json\/wp\/v2\/types\/page"}],"author":[{"embeddable":true,"href":"https:\/\/sanpolyboya.com\/en\/wp-json\/wp\/v2\/users\/1"}],"replies":[{"embeddable":true,"href":"https:\/\/sanpolyboya.com\/en\/wp-json\/wp\/v2\/comments?post=3013"}],"version-history":[{"count":7,"href":"https:\/\/sanpolyboya.com\/en\/wp-json\/wp\/v2\/pages\/3013\/revisions"}],"predecessor-version":[{"id":3970,"href":"https:\/\/sanpolyboya.com\/en\/wp-json\/wp\/v2\/pages\/3013\/revisions\/3970"}],"wp:attachment":[{"href":"https:\/\/sanpolyboya.com\/en\/wp-json\/wp\/v2\/media?parent=3013"}],"curies":[{"name":"wp","href":"https:\/\/api.w.org\/{rel}","templated":true}]}}