{"id":3501,"date":"2023-12-11T07:12:19","date_gmt":"2023-12-11T07:12:19","guid":{"rendered":"https:\/\/sanpolyboya.com\/?page_id=3501"},"modified":"2024-01-03T08:21:29","modified_gmt":"2024-01-03T08:21:29","slug":"urunler","status":"publish","type":"page","link":"https:\/\/sanpolyboya.com\/en\/urunler\/","title":{"rendered":"\u00dcr\u00fcnler"},"content":{"rendered":"<div data-elementor-type=\"wp-page\" data-elementor-id=\"3501\" class=\"elementor elementor-3501\" data-elementor-post-type=\"page\">\n\t\t\t\t\t\t<section class=\"elementor-section elementor-top-section elementor-element elementor-element-451bec6 elementor-section-height-min-height elementor-section-boxed elementor-section-height-default elementor-section-items-middle\" data-id=\"451bec6\" data-element_type=\"section\" data-settings=\"{&quot;background_background&quot;:&quot;classic&quot;,&quot;background_motion_fx_motion_fx_scrolling&quot;:&quot;yes&quot;,&quot;background_motion_fx_translateY_effect&quot;:&quot;yes&quot;,&quot;background_motion_fx_translateY_speed&quot;:{&quot;unit&quot;:&quot;px&quot;,&quot;size&quot;:7,&quot;sizes&quot;:[]},&quot;background_motion_fx_translateY_affectedRange&quot;:{&quot;unit&quot;:&quot;%&quot;,&quot;size&quot;:&quot;&quot;,&quot;sizes&quot;:{&quot;start&quot;:0,&quot;end&quot;:100}},&quot;background_motion_fx_devices&quot;:[&quot;desktop&quot;,&quot;tablet&quot;,&quot;mobile&quot;]}\">\n\t\t\t\t\t\t\t<div class=\"elementor-background-overlay\"><\/div>\n\t\t\t\t\t\t\t<div class=\"elementor-container elementor-column-gap-default\">\n\t\t\t\t\t<div class=\"elementor-column elementor-col-100 elementor-top-column elementor-element elementor-element-6131b8f\" data-id=\"6131b8f\" data-element_type=\"column\">\n\t\t\t<div class=\"elementor-widget-wrap elementor-element-populated\">\n\t\t\t\t\t\t<div class=\"elementor-element elementor-element-aa8a2b1 elementor-invisible elementor-widget elementor-widget-heading bdevs-el heading\" data-id=\"aa8a2b1\" data-element_type=\"widget\" data-settings=\"{&quot;_animation&quot;:&quot;fadeInUp&quot;,&quot;design_style&quot;:&quot;style_1&quot;}\" data-widget_type=\"heading.default\">\n\t\t\t\t<div class=\"elementor-widget-container\">\n\t\t\t\t\t\r\n\r\n        \r\n\r\n                            <div class=\"section__title-wrapper\">\r\n                                            <span class=\"section__title-pre center bdevs-el-subtitle\">We Bring Aesthetics to Your Walls<\/span>\r\n                    \r\n                    <h2 class=\"section__title bdevs-el-title\" data-wow-delay=\".2s\">Our Products<\/h2>\r\n                                    <\/div>\r\n                    \r\n\t\t\t\t<\/div>\n\t\t\t\t<\/div>\n\t\t\t\t\t<\/div>\n\t\t<\/div>\n\t\t\t\t\t<\/div>\n\t\t<\/section>\n\t\t<div class=\"elementor-element elementor-element-694ac2d e-flex e-con-boxed e-con e-parent\" data-id=\"694ac2d\" data-element_type=\"container\">\n\t\t\t\t\t<div class=\"e-con-inner\">\n\t\t<div class=\"elementor-element elementor-element-df69843 e-con-full e-flex e-con e-child\" data-id=\"df69843\" data-element_type=\"container\">\n\t\t\t\t<div class=\"elementor-element elementor-element-24d5458 elementor-widget elementor-widget-heading bdevs-el heading\" data-id=\"24d5458\" data-element_type=\"widget\" data-settings=\"{&quot;design_style&quot;:&quot;style_1&quot;}\" data-widget_type=\"heading.default\">\n\t\t\t\t<div class=\"elementor-widget-container\">\n\t\t\t\t\t\r\n\r\n        \r\n\r\n                            <div class=\"section__title-wrapper\">\r\n                                            <span class=\"section__title-pre center bdevs-el-subtitle\"> Exterior Paint<\/span>\r\n                    \r\n                    <h2 class=\"section__title bdevs-el-title\" data-wow-delay=\".2s\">Cyconized Water Based<\/h2>\r\n                                    <\/div>\r\n                    \r\n\t\t\t\t<\/div>\n\t\t\t\t<\/div>\n\t\t\t\t<div class=\"elementor-element elementor-element-5b8a110 elementor-widget elementor-widget-image\" data-id=\"5b8a110\" data-element_type=\"widget\" data-widget_type=\"image.default\">\n\t\t\t\t<div class=\"elementor-widget-container\">\n\t\t\t\t\t\t\t\t\t\t\t\t\t\t\t\t<a href=\"https:\/\/sanpolyboya.com\/en\/product\/silikonlu-su-bazli-dis-cephe-boyasi\/\">\n\t\t\t\t\t\t\t<img fetchpriority=\"high\" decoding=\"async\" width=\"640\" height=\"460\" src=\"https:\/\/sanpolyboya.com\/wp-content\/uploads\/2023\/12\/discephe.png\" class=\"attachment-large size-large wp-image-3389\" alt=\"\" srcset=\"https:\/\/sanpolyboya.com\/wp-content\/uploads\/2023\/12\/discephe.png 768w, https:\/\/sanpolyboya.com\/wp-content\/uploads\/2023\/12\/discephe-300x216.png 300w, https:\/\/sanpolyboya.com\/wp-content\/uploads\/2023\/12\/discephe-600x431.png 600w\" sizes=\"(max-width: 640px) 100vw, 640px\" \/>\t\t\t\t\t\t\t\t<\/a>\n\t\t\t\t\t\t\t\t\t\t\t\t\t\t\t<\/div>\n\t\t\t\t<\/div>\n\t\t\t\t<div class=\"elementor-element elementor-element-6d0668e elementor-align-center elementor-widget elementor-widget-button\" data-id=\"6d0668e\" data-element_type=\"widget\" data-widget_type=\"button.default\">\n\t\t\t\t<div class=\"elementor-widget-container\">\n\t\t\t\t\t\t\t\t\t<div class=\"elementor-button-wrapper\">\n\t\t\t\t\t<a class=\"elementor-button elementor-button-link elementor-size-sm\" href=\"https:\/\/sanpolyboya.com\/en\/product\/silikonlu-su-bazli-dis-cephe-boyasi\/\">\n\t\t\t\t\t\t<span class=\"elementor-button-content-wrapper\">\n\t\t\t\t\t\t\t\t\t<span class=\"elementor-button-text\">READ MORE<\/span>\n\t\t\t\t\t<\/span>\n\t\t\t\t\t<\/a>\n\t\t\t\t<\/div>\n\t\t\t\t\t\t\t\t<\/div>\n\t\t\t\t<\/div>\n\t\t\t\t<\/div>\n\t\t<div class=\"elementor-element elementor-element-3b9545a e-con-full e-flex e-con e-child\" data-id=\"3b9545a\" data-element_type=\"container\">\n\t\t\t\t<div class=\"elementor-element elementor-element-2f13fa7 elementor-widget elementor-widget-heading bdevs-el heading\" data-id=\"2f13fa7\" data-element_type=\"widget\" data-settings=\"{&quot;design_style&quot;:&quot;style_1&quot;}\" data-widget_type=\"heading.default\">\n\t\t\t\t<div class=\"elementor-widget-container\">\n\t\t\t\t\t\r\n\r\n        \r\n\r\n                            <div class=\"section__title-wrapper\">\r\n                                            <span class=\"section__title-pre center bdevs-el-subtitle\">Interior Paint<\/span>\r\n                    \r\n                    <h2 class=\"section__title bdevs-el-title\" data-wow-delay=\".2s\">Cyconized Water Based<\/h2>\r\n                                    <\/div>\r\n                    \r\n\t\t\t\t<\/div>\n\t\t\t\t<\/div>\n\t\t\t\t<div class=\"elementor-element elementor-element-52acc7e elementor-widget elementor-widget-image\" data-id=\"52acc7e\" data-element_type=\"widget\" data-widget_type=\"image.default\">\n\t\t\t\t<div class=\"elementor-widget-container\">\n\t\t\t\t\t\t\t\t\t\t\t\t\t\t\t\t<a href=\"https:\/\/sanpolyboya.com\/en\/product\/silikonlu-su-bazli-ic-cephe-boyasi\/\">\n\t\t\t\t\t\t\t<img decoding=\"async\" width=\"640\" height=\"460\" src=\"https:\/\/sanpolyboya.com\/wp-content\/uploads\/2023\/12\/ic-cephe.png\" class=\"attachment-large size-large wp-image-3390\" alt=\"\" srcset=\"https:\/\/sanpolyboya.com\/wp-content\/uploads\/2023\/12\/ic-cephe.png 768w, https:\/\/sanpolyboya.com\/wp-content\/uploads\/2023\/12\/ic-cephe-300x216.png 300w, https:\/\/sanpolyboya.com\/wp-content\/uploads\/2023\/12\/ic-cephe-600x431.png 600w\" sizes=\"(max-width: 640px) 100vw, 640px\" \/>\t\t\t\t\t\t\t\t<\/a>\n\t\t\t\t\t\t\t\t\t\t\t\t\t\t\t<\/div>\n\t\t\t\t<\/div>\n\t\t\t\t<div class=\"elementor-element elementor-element-2d1bf28 elementor-align-center elementor-widget elementor-widget-button\" data-id=\"2d1bf28\" data-element_type=\"widget\" data-widget_type=\"button.default\">\n\t\t\t\t<div class=\"elementor-widget-container\">\n\t\t\t\t\t\t\t\t\t<div class=\"elementor-button-wrapper\">\n\t\t\t\t\t<a class=\"elementor-button elementor-button-link elementor-size-sm\" href=\"https:\/\/sanpolyboya.com\/en\/product\/silikonlu-su-bazli-ic-cephe-boyasi\/\">\n\t\t\t\t\t\t<span class=\"elementor-button-content-wrapper\">\n\t\t\t\t\t\t\t\t\t<span class=\"elementor-button-text\">READ MORE<\/span>\n\t\t\t\t\t<\/span>\n\t\t\t\t\t<\/a>\n\t\t\t\t<\/div>\n\t\t\t\t\t\t\t\t<\/div>\n\t\t\t\t<\/div>\n\t\t\t\t<\/div>\n\t\t<div class=\"elementor-element elementor-element-db69d0d e-con-full e-flex e-con e-child\" data-id=\"db69d0d\" data-element_type=\"container\">\n\t\t\t\t<div class=\"elementor-element elementor-element-217955a elementor-widget elementor-widget-heading bdevs-el heading\" data-id=\"217955a\" data-element_type=\"widget\" data-settings=\"{&quot;design_style&quot;:&quot;style_1&quot;}\" data-widget_type=\"heading.default\">\n\t\t\t\t<div class=\"elementor-widget-container\">\n\t\t\t\t\t\r\n\r\n        \r\n\r\n                            <div class=\"section__title-wrapper\">\r\n                                            <span class=\"section__title-pre center bdevs-el-subtitle\">Waterproofing<\/span>\r\n                    \r\n                    <h2 class=\"section__title bdevs-el-title\" data-wow-delay=\".2s\">Watertight<\/h2>\r\n                                    <\/div>\r\n                    \r\n\t\t\t\t<\/div>\n\t\t\t\t<\/div>\n\t\t\t\t<div class=\"elementor-element elementor-element-e96c352 elementor-widget elementor-widget-image\" data-id=\"e96c352\" data-element_type=\"widget\" data-widget_type=\"image.default\">\n\t\t\t\t<div class=\"elementor-widget-container\">\n\t\t\t\t\t\t\t\t\t\t\t\t\t\t\t\t<a href=\"https:\/\/sanpolyboya.com\/en\/product\/watertight-su-yalitimi\/\">\n\t\t\t\t\t\t\t<img decoding=\"async\" width=\"640\" height=\"460\" src=\"https:\/\/sanpolyboya.com\/wp-content\/uploads\/2023\/12\/watertight.png\" class=\"attachment-large size-large wp-image-3391\" alt=\"\" srcset=\"https:\/\/sanpolyboya.com\/wp-content\/uploads\/2023\/12\/watertight.png 768w, https:\/\/sanpolyboya.com\/wp-content\/uploads\/2023\/12\/watertight-300x216.png 300w, https:\/\/sanpolyboya.com\/wp-content\/uploads\/2023\/12\/watertight-600x431.png 600w\" sizes=\"(max-width: 640px) 100vw, 640px\" \/>\t\t\t\t\t\t\t\t<\/a>\n\t\t\t\t\t\t\t\t\t\t\t\t\t\t\t<\/div>\n\t\t\t\t<\/div>\n\t\t\t\t<div class=\"elementor-element elementor-element-f8e81ae elementor-align-center elementor-widget elementor-widget-button\" data-id=\"f8e81ae\" data-element_type=\"widget\" data-widget_type=\"button.default\">\n\t\t\t\t<div class=\"elementor-widget-container\">\n\t\t\t\t\t\t\t\t\t<div class=\"elementor-button-wrapper\">\n\t\t\t\t\t<a class=\"elementor-button elementor-button-link elementor-size-sm\" href=\"https:\/\/sanpolyboya.com\/en\/product\/watertight-su-yalitimi\/\">\n\t\t\t\t\t\t<span class=\"elementor-button-content-wrapper\">\n\t\t\t\t\t\t\t\t\t<span class=\"elementor-button-text\">READ MORE<\/span>\n\t\t\t\t\t<\/span>\n\t\t\t\t\t<\/a>\n\t\t\t\t<\/div>\n\t\t\t\t\t\t\t\t<\/div>\n\t\t\t\t<\/div>\n\t\t\t\t<\/div>\n\t\t\t\t\t<\/div>\n\t\t\t\t<\/div>\n\t\t<div class=\"elementor-element elementor-element-da73d27 e-flex e-con-boxed e-con e-parent\" data-id=\"da73d27\" data-element_type=\"container\">\n\t\t\t\t\t<div class=\"e-con-inner\">\n\t\t<div class=\"elementor-element elementor-element-8a39608 e-con-full e-flex e-con e-child\" data-id=\"8a39608\" data-element_type=\"container\">\n\t\t\t\t<div class=\"elementor-element elementor-element-cf6b2d8 elementor-widget elementor-widget-heading bdevs-el heading\" data-id=\"cf6b2d8\" data-element_type=\"widget\" data-settings=\"{&quot;design_style&quot;:&quot;style_1&quot;}\" data-widget_type=\"heading.default\">\n\t\t\t\t<div class=\"elementor-widget-container\">\n\t\t\t\t\t\r\n\r\n        \r\n\r\n                            <div class=\"section__title-wrapper\">\r\n                                            <span class=\"section__title-pre center bdevs-el-subtitle\">Exterior Cladding<\/span>\r\n                    \r\n                    <h2 class=\"section__title bdevs-el-title\" data-wow-delay=\".2s\">Grain Paint<\/h2>\r\n                                    <\/div>\r\n                    \r\n\t\t\t\t<\/div>\n\t\t\t\t<\/div>\n\t\t\t\t<div class=\"elementor-element elementor-element-03f6184 elementor-widget elementor-widget-image\" data-id=\"03f6184\" data-element_type=\"widget\" data-widget_type=\"image.default\">\n\t\t\t\t<div class=\"elementor-widget-container\">\n\t\t\t\t\t\t\t\t\t\t\t\t\t\t\t\t<a href=\"https:\/\/sanpolyboya.com\/en\/product\/grenli-boya\/\">\n\t\t\t\t\t\t\t<img loading=\"lazy\" decoding=\"async\" width=\"640\" height=\"460\" src=\"https:\/\/sanpolyboya.com\/wp-content\/uploads\/2023\/12\/grenliboya.png\" class=\"attachment-large size-large wp-image-3460\" alt=\"\" srcset=\"https:\/\/sanpolyboya.com\/wp-content\/uploads\/2023\/12\/grenliboya.png 768w, https:\/\/sanpolyboya.com\/wp-content\/uploads\/2023\/12\/grenliboya-300x216.png 300w, https:\/\/sanpolyboya.com\/wp-content\/uploads\/2023\/12\/grenliboya-600x431.png 600w\" sizes=\"(max-width: 640px) 100vw, 640px\" \/>\t\t\t\t\t\t\t\t<\/a>\n\t\t\t\t\t\t\t\t\t\t\t\t\t\t\t<\/div>\n\t\t\t\t<\/div>\n\t\t\t\t<div class=\"elementor-element elementor-element-fc4fd2c elementor-align-center elementor-widget elementor-widget-button\" data-id=\"fc4fd2c\" data-element_type=\"widget\" data-widget_type=\"button.default\">\n\t\t\t\t<div class=\"elementor-widget-container\">\n\t\t\t\t\t\t\t\t\t<div class=\"elementor-button-wrapper\">\n\t\t\t\t\t<a class=\"elementor-button elementor-button-link elementor-size-sm\" href=\"https:\/\/sanpolyboya.com\/en\/product\/grenli-boya\/\">\n\t\t\t\t\t\t<span class=\"elementor-button-content-wrapper\">\n\t\t\t\t\t\t\t\t\t<span class=\"elementor-button-text\">READ MORE<\/span>\n\t\t\t\t\t<\/span>\n\t\t\t\t\t<\/a>\n\t\t\t\t<\/div>\n\t\t\t\t\t\t\t\t<\/div>\n\t\t\t\t<\/div>\n\t\t\t\t<\/div>\n\t\t<div class=\"elementor-element elementor-element-376294b e-con-full e-flex e-con e-child\" data-id=\"376294b\" data-element_type=\"container\">\n\t\t\t\t<div class=\"elementor-element elementor-element-8f2c6c6 elementor-widget elementor-widget-heading bdevs-el heading\" data-id=\"8f2c6c6\" data-element_type=\"widget\" data-settings=\"{&quot;design_style&quot;:&quot;style_1&quot;}\" data-widget_type=\"heading.default\">\n\t\t\t\t<div class=\"elementor-widget-container\">\n\t\t\t\t\t\r\n\r\n        \r\n\r\n                            <div class=\"section__title-wrapper\">\r\n                                            <span class=\"section__title-pre center bdevs-el-subtitle\">Ceiling Paint<\/span>\r\n                    \r\n                    <h2 class=\"section__title bdevs-el-title\" data-wow-delay=\".2s\">King<\/h2>\r\n                                    <\/div>\r\n                    \r\n\t\t\t\t<\/div>\n\t\t\t\t<\/div>\n\t\t\t\t<div class=\"elementor-element elementor-element-363d280 elementor-widget elementor-widget-image\" data-id=\"363d280\" data-element_type=\"widget\" data-widget_type=\"image.default\">\n\t\t\t\t<div class=\"elementor-widget-container\">\n\t\t\t\t\t\t\t\t\t\t\t\t\t\t\t\t<a href=\"https:\/\/sanpolyboya.com\/en\/product\/king-tavan-boyasi\/\">\n\t\t\t\t\t\t\t<img loading=\"lazy\" decoding=\"async\" width=\"640\" height=\"460\" src=\"https:\/\/sanpolyboya.com\/wp-content\/uploads\/2023\/12\/king-tavan-1.png\" class=\"attachment-large size-large wp-image-3461\" alt=\"\" srcset=\"https:\/\/sanpolyboya.com\/wp-content\/uploads\/2023\/12\/king-tavan-1.png 768w, https:\/\/sanpolyboya.com\/wp-content\/uploads\/2023\/12\/king-tavan-1-300x216.png 300w, https:\/\/sanpolyboya.com\/wp-content\/uploads\/2023\/12\/king-tavan-1-600x431.png 600w\" sizes=\"(max-width: 640px) 100vw, 640px\" \/>\t\t\t\t\t\t\t\t<\/a>\n\t\t\t\t\t\t\t\t\t\t\t\t\t\t\t<\/div>\n\t\t\t\t<\/div>\n\t\t\t\t<div class=\"elementor-element elementor-element-b5bd689 elementor-align-center elementor-widget elementor-widget-button\" data-id=\"b5bd689\" data-element_type=\"widget\" data-widget_type=\"button.default\">\n\t\t\t\t<div class=\"elementor-widget-container\">\n\t\t\t\t\t\t\t\t\t<div class=\"elementor-button-wrapper\">\n\t\t\t\t\t<a class=\"elementor-button elementor-button-link elementor-size-sm\" href=\"https:\/\/sanpolyboya.com\/en\/product\/king-tavan-boyasi\/\">\n\t\t\t\t\t\t<span class=\"elementor-button-content-wrapper\">\n\t\t\t\t\t\t\t\t\t<span class=\"elementor-button-text\">READ MORE<\/span>\n\t\t\t\t\t<\/span>\n\t\t\t\t\t<\/a>\n\t\t\t\t<\/div>\n\t\t\t\t\t\t\t\t<\/div>\n\t\t\t\t<\/div>\n\t\t\t\t<\/div>\n\t\t<div class=\"elementor-element elementor-element-3a38a62 e-con-full e-flex e-con e-child\" data-id=\"3a38a62\" data-element_type=\"container\">\n\t\t\t\t<div class=\"elementor-element elementor-element-ef566b5 elementor-widget elementor-widget-heading bdevs-el heading\" data-id=\"ef566b5\" data-element_type=\"widget\" data-settings=\"{&quot;design_style&quot;:&quot;style_1&quot;}\" data-widget_type=\"heading.default\">\n\t\t\t\t<div class=\"elementor-widget-container\">\n\t\t\t\t\t\r\n\r\n        \r\n\r\n                            <div class=\"section__title-wrapper\">\r\n                                            <span class=\"section__title-pre center bdevs-el-subtitle\">Interior and Exterior Primer Paint<\/span>\r\n                    \r\n                    <h2 class=\"section__title bdevs-el-title\" data-wow-delay=\".2s\">Water Based<\/h2>\r\n                                    <\/div>\r\n                    \r\n\t\t\t\t<\/div>\n\t\t\t\t<\/div>\n\t\t\t\t<div class=\"elementor-element elementor-element-1c6fe44 elementor-widget elementor-widget-image\" data-id=\"1c6fe44\" data-element_type=\"widget\" data-widget_type=\"image.default\">\n\t\t\t\t<div class=\"elementor-widget-container\">\n\t\t\t\t\t\t\t\t\t\t\t\t\t\t\t\t<a href=\"https:\/\/sanpolyboya.com\/en\/product\/su-bazli-ic-ve-dis-cephe-astar-boya\/\">\n\t\t\t\t\t\t\t<img loading=\"lazy\" decoding=\"async\" width=\"640\" height=\"460\" src=\"https:\/\/sanpolyboya.com\/wp-content\/uploads\/2023\/12\/astar-1.png\" class=\"attachment-large size-large wp-image-3462\" alt=\"\" srcset=\"https:\/\/sanpolyboya.com\/wp-content\/uploads\/2023\/12\/astar-1.png 768w, https:\/\/sanpolyboya.com\/wp-content\/uploads\/2023\/12\/astar-1-300x216.png 300w, https:\/\/sanpolyboya.com\/wp-content\/uploads\/2023\/12\/astar-1-600x431.png 600w\" sizes=\"(max-width: 640px) 100vw, 640px\" \/>\t\t\t\t\t\t\t\t<\/a>\n\t\t\t\t\t\t\t\t\t\t\t\t\t\t\t<\/div>\n\t\t\t\t<\/div>\n\t\t\t\t<div class=\"elementor-element elementor-element-0fb7d67 elementor-align-center elementor-widget elementor-widget-button\" data-id=\"0fb7d67\" data-element_type=\"widget\" data-widget_type=\"button.default\">\n\t\t\t\t<div class=\"elementor-widget-container\">\n\t\t\t\t\t\t\t\t\t<div class=\"elementor-button-wrapper\">\n\t\t\t\t\t<a class=\"elementor-button elementor-button-link elementor-size-sm\" href=\"https:\/\/sanpolyboya.com\/en\/product\/su-bazli-ic-ve-dis-cephe-astar-boya\/\">\n\t\t\t\t\t\t<span class=\"elementor-button-content-wrapper\">\n\t\t\t\t\t\t\t\t\t<span class=\"elementor-button-text\">READ MORE<\/span>\n\t\t\t\t\t<\/span>\n\t\t\t\t\t<\/a>\n\t\t\t\t<\/div>\n\t\t\t\t\t\t\t\t<\/div>\n\t\t\t\t<\/div>\n\t\t\t\t<\/div>\n\t\t\t\t\t<\/div>\n\t\t\t\t<\/div>\n\t\t<div class=\"elementor-element elementor-element-824b8d1 e-flex e-con-boxed e-con e-parent\" data-id=\"824b8d1\" data-element_type=\"container\">\n\t\t\t\t\t<div class=\"e-con-inner\">\n\t\t<div class=\"elementor-element elementor-element-bfaede7 e-con-full e-flex e-con e-child\" data-id=\"bfaede7\" data-element_type=\"container\">\n\t\t\t\t<div class=\"elementor-element elementor-element-7b57f6f elementor-widget elementor-widget-heading bdevs-el heading\" data-id=\"7b57f6f\" data-element_type=\"widget\" data-settings=\"{&quot;design_style&quot;:&quot;style_1&quot;}\" data-widget_type=\"heading.default\">\n\t\t\t\t<div class=\"elementor-widget-container\">\n\t\t\t\t\t\r\n\r\n        \r\n\r\n                            <div class=\"section__title-wrapper\">\r\n                                            <span class=\"section__title-pre center bdevs-el-subtitle\">Exposed Concrete Primer<\/span>\r\n                    \r\n                    <h2 class=\"section__title bdevs-el-title\" data-wow-delay=\".2s\">Exposed Concrete Primer<\/h2>\r\n                                    <\/div>\r\n                    \r\n\t\t\t\t<\/div>\n\t\t\t\t<\/div>\n\t\t\t\t<div class=\"elementor-element elementor-element-171161f elementor-widget elementor-widget-image\" data-id=\"171161f\" data-element_type=\"widget\" data-widget_type=\"image.default\">\n\t\t\t\t<div class=\"elementor-widget-container\">\n\t\t\t\t\t\t\t\t\t\t\t\t\t\t\t<img loading=\"lazy\" decoding=\"async\" width=\"640\" height=\"460\" src=\"https:\/\/sanpolyboya.com\/wp-content\/uploads\/2023\/12\/brutbetonastari.png\" class=\"attachment-large size-large wp-image-3463\" alt=\"\" srcset=\"https:\/\/sanpolyboya.com\/wp-content\/uploads\/2023\/12\/brutbetonastari.png 768w, https:\/\/sanpolyboya.com\/wp-content\/uploads\/2023\/12\/brutbetonastari-300x216.png 300w, https:\/\/sanpolyboya.com\/wp-content\/uploads\/2023\/12\/brutbetonastari-600x431.png 600w\" sizes=\"(max-width: 640px) 100vw, 640px\" \/>\t\t\t\t\t\t\t\t\t\t\t\t\t\t\t<\/div>\n\t\t\t\t<\/div>\n\t\t\t\t<div class=\"elementor-element elementor-element-15ba7bc elementor-align-center elementor-widget elementor-widget-button\" data-id=\"15ba7bc\" data-element_type=\"widget\" data-widget_type=\"button.default\">\n\t\t\t\t<div class=\"elementor-widget-container\">\n\t\t\t\t\t\t\t\t\t<div class=\"elementor-button-wrapper\">\n\t\t\t\t\t<a class=\"elementor-button elementor-button-link elementor-size-sm\" href=\"https:\/\/sanpolyboya.com\/en\/product\/brut-beton-astari\/\">\n\t\t\t\t\t\t<span class=\"elementor-button-content-wrapper\">\n\t\t\t\t\t\t\t\t\t<span class=\"elementor-button-text\">READ MORE<\/span>\n\t\t\t\t\t<\/span>\n\t\t\t\t\t<\/a>\n\t\t\t\t<\/div>\n\t\t\t\t\t\t\t\t<\/div>\n\t\t\t\t<\/div>\n\t\t\t\t<\/div>\n\t\t<div class=\"elementor-element elementor-element-5bce8c1 e-con-full e-flex e-con e-child\" data-id=\"5bce8c1\" data-element_type=\"container\">\n\t\t\t\t<div class=\"elementor-element elementor-element-9ba70a6 elementor-widget elementor-widget-heading bdevs-el heading\" data-id=\"9ba70a6\" data-element_type=\"widget\" data-settings=\"{&quot;design_style&quot;:&quot;style_1&quot;}\" data-widget_type=\"heading.default\">\n\t\t\t\t<div class=\"elementor-widget-container\">\n\t\t\t\t\t\r\n\r\n        \r\n\r\n                            <div class=\"section__title-wrapper\">\r\n                                            <span class=\"section__title-pre center bdevs-el-subtitle\">1\/7 konsantre Astar<\/span>\r\n                    \r\n                    <h2 class=\"section__title bdevs-el-title\" data-wow-delay=\".2s\">\u0130\u00e7 ve D\u0131\u015f Cephe Astar\u0131<\/h2>\r\n                                    <\/div>\r\n                    \r\n\t\t\t\t<\/div>\n\t\t\t\t<\/div>\n\t\t\t\t<div class=\"elementor-element elementor-element-0a3bd6a elementor-widget elementor-widget-image\" data-id=\"0a3bd6a\" data-element_type=\"widget\" data-widget_type=\"image.default\">\n\t\t\t\t<div class=\"elementor-widget-container\">\n\t\t\t\t\t\t\t\t\t\t\t\t\t\t\t<img loading=\"lazy\" decoding=\"async\" width=\"640\" height=\"460\" src=\"https:\/\/sanpolyboya.com\/wp-content\/uploads\/2024\/01\/suzbazli-1.png\" class=\"attachment-large size-large wp-image-3978\" alt=\"\" srcset=\"https:\/\/sanpolyboya.com\/wp-content\/uploads\/2024\/01\/suzbazli-1.png 768w, https:\/\/sanpolyboya.com\/wp-content\/uploads\/2024\/01\/suzbazli-1-300x216.png 300w, https:\/\/sanpolyboya.com\/wp-content\/uploads\/2024\/01\/suzbazli-1-600x431.png 600w\" sizes=\"(max-width: 640px) 100vw, 640px\" \/>\t\t\t\t\t\t\t\t\t\t\t\t\t\t\t<\/div>\n\t\t\t\t<\/div>\n\t\t\t\t<div class=\"elementor-element elementor-element-c71e19a elementor-align-center elementor-widget elementor-widget-button\" data-id=\"c71e19a\" data-element_type=\"widget\" data-widget_type=\"button.default\">\n\t\t\t\t<div class=\"elementor-widget-container\">\n\t\t\t\t\t\t\t\t\t<div class=\"elementor-button-wrapper\">\n\t\t\t\t\t<a class=\"elementor-button elementor-button-link elementor-size-sm\" href=\"https:\/\/sanpolyboya.com\/en\/product\/1-7-konsantre-astar\/\">\n\t\t\t\t\t\t<span class=\"elementor-button-content-wrapper\">\n\t\t\t\t\t\t\t\t\t<span class=\"elementor-button-text\">READ MORE<\/span>\n\t\t\t\t\t<\/span>\n\t\t\t\t\t<\/a>\n\t\t\t\t<\/div>\n\t\t\t\t\t\t\t\t<\/div>\n\t\t\t\t<\/div>\n\t\t\t\t<\/div>\n\t\t<div class=\"elementor-element elementor-element-8552777 e-con-full e-flex e-con e-child\" data-id=\"8552777\" data-element_type=\"container\">\n\t\t\t\t<\/div>\n\t\t\t\t\t<\/div>\n\t\t\t\t<\/div>\n\t\t\t\t<\/div>","protected":false},"excerpt":{"rendered":"<p>&#8220;Esteti\u011fi Duvarlar\u0131n\u0131za Ta\u015f\u0131yoruz \u00dcr\u00fcnlerimiz D\u0131\u015f Cephe Boyas\u0131 Sikonlu Su Bazl\u0131 DETAYLI \u0130NCELE \u0130\u00e7 Cephe Boyas\u0131 Sikonlu Su Bazl\u0131 DETAYLI \u0130NCELE Su Yal\u0131t\u0131m\u0131 Watertight DETAYLI \u0130NCELE D\u0131\u015f Cephe Kaplamas\u0131 Grenli Boya DETAYLI \u0130NCELE Tavan Boyas\u0131 King DETAYLI \u0130NCELE \u0130\u00e7 ve D\u0131\u015f Cephe Astar Boya Su Bazl\u0131 DETAYLI \u0130NCELE Br\u00fct Beton Astar\u0131 Br\u00fct Beton Astar\u0131 DETAYLI \u0130NCELE [&hellip;]<\/p>","protected":false},"author":1,"featured_media":0,"parent":0,"menu_order":0,"comment_status":"closed","ping_status":"closed","template":"elementor_header_footer","meta":{"_acf_changed":false,"footnotes":""},"class_list":["post-3501","page","type-page","status-publish","hentry"],"acf":[],"_links":{"self":[{"href":"https:\/\/sanpolyboya.com\/en\/wp-json\/wp\/v2\/pages\/3501","targetHints":{"allow":["GET"]}}],"collection":[{"href":"https:\/\/sanpolyboya.com\/en\/wp-json\/wp\/v2\/pages"}],"about":[{"href":"https:\/\/sanpolyboya.com\/en\/wp-json\/wp\/v2\/types\/page"}],"author":[{"embeddable":true,"href":"https:\/\/sanpolyboya.com\/en\/wp-json\/wp\/v2\/users\/1"}],"replies":[{"embeddable":true,"href":"https:\/\/sanpolyboya.com\/en\/wp-json\/wp\/v2\/comments?post=3501"}],"version-history":[{"count":13,"href":"https:\/\/sanpolyboya.com\/en\/wp-json\/wp\/v2\/pages\/3501\/revisions"}],"predecessor-version":[{"id":3991,"href":"https:\/\/sanpolyboya.com\/en\/wp-json\/wp\/v2\/pages\/3501\/revisions\/3991"}],"wp:attachment":[{"href":"https:\/\/sanpolyboya.com\/en\/wp-json\/wp\/v2\/media?parent=3501"}],"curies":[{"name":"wp","href":"https:\/\/api.w.org\/{rel}","templated":true}]}}