{"id":374,"date":"2021-12-21T10:21:24","date_gmt":"2021-12-21T10:21:24","guid":{"rendered":"https:\/\/www.devsnews.com\/wp\/roxce\/?page_id=374"},"modified":"2024-01-03T09:07:23","modified_gmt":"2024-01-03T09:07:23","slug":"contact-2","status":"publish","type":"page","link":"https:\/\/sanpolyboya.com\/en\/contact-2\/","title":{"rendered":"Contact"},"content":{"rendered":"<div data-elementor-type=\"wp-page\" data-elementor-id=\"374\" class=\"elementor elementor-374\" data-elementor-post-type=\"page\">\n\t\t\t\t\t\t<section class=\"elementor-section elementor-top-section elementor-element elementor-element-9690534 elementor-section-full_width elementor-section-height-default elementor-section-height-default\" data-id=\"9690534\" data-element_type=\"section\">\n\t\t\t\t\t\t<div class=\"elementor-container elementor-column-gap-no\">\n\t\t\t\t\t<div class=\"elementor-column elementor-col-100 elementor-top-column elementor-element elementor-element-7a37c79\" data-id=\"7a37c79\" data-element_type=\"column\">\n\t\t\t<div class=\"elementor-widget-wrap elementor-element-populated\">\n\t\t\t\t\t\t<div class=\"elementor-element elementor-element-908583b elementor-widget elementor-widget-featured_list bdevs-el featured_list\" data-id=\"908583b\" data-element_type=\"widget\" data-settings=\"{&quot;design_style&quot;:&quot;style_4&quot;}\" data-widget_type=\"featured_list.default\">\n\t\t\t\t<div class=\"elementor-widget-container\">\n\t\t\t\t\t\r\n        \r\n            <section class=\"contact__area contact__padding pt-70 pl-55 pr-55\">\r\n                <div class=\"container-fluid\">\r\n                    <div class=\"row\">\r\n                                                    <div class=\"col-xxl-4 col-xl-4 mb-30\">\r\n                                <div class=\"contact__item green-bg-2 bdevs-el-content d-sm-flex align-items-start mb-30\">\r\n                                    <div class=\"contact__icon mr-35\">\r\n                                                                                    <i class=\"bdevs-btn-icon fal fa-map-marker-alt\" aria-hidden=\"true\"><\/i>                                                                            <\/div>\r\n                                    <div class=\"contact__content\">\r\n                                                                                    <h5 class=\"bdevs-el-title\">Address<\/h5>\r\n                                        \r\n                                                                                    <p>\r\n                                                 <a href=\"https:\/\/www.google.com\/maps\/place\/SanPoly+Boya+ve+Kimya+San.+Tic.+Ltd.+%C5%9Eti.\/@37.032707,35.4076386,15z\/data=!4m2!3m1!1s0x0:0x6d784e09cbf142e9?sa=X&amp;ved=2ahUKEwjE4MT5ieuCAxVzhv0HHdypDcAQ_BJ6BAgLEAA\" target=\"_blank\" rel=\"noopener\">Ac\u0131dere mh, 6679 sk No: 2\/C, PK:01410 Sar\u0131\u00e7am\/Adana<\/a>                                            <\/p>\r\n                                                                            <\/div>\r\n                                <\/div>\r\n                            <\/div>\r\n                                                    <div class=\"col-xxl-4 col-xl-4 mb-30\">\r\n                                <div class=\"contact__item green-bg-2 bdevs-el-content d-sm-flex align-items-start mb-30\">\r\n                                    <div class=\"contact__icon mr-35\">\r\n                                                                                    <svg class=\"bdevs-btn-icon e-font-icon-svg e-far-envelope\" aria-hidden=\"true\" viewbox=\"0 0 512 512\" xmlns=\"http:\/\/www.w3.org\/2000\/svg\"><path d=\"M464 64H48C21.49 64 0 85.49 0 112v288c0 26.51 21.49 48 48 48h416c26.51 0 48-21.49 48-48V112c0-26.51-21.49-48-48-48zm0 48v40.805c-22.422 18.259-58.168 46.651-134.587 106.49-16.841 13.247-50.201 45.072-73.413 44.701-23.208.375-56.579-31.459-73.413-44.701C106.18 199.465 70.425 171.067 48 152.805V112h416zM48 400V214.398c22.914 18.251 55.409 43.862 104.938 82.646 21.857 17.205 60.134 55.186 103.062 54.955 42.717.231 80.509-37.199 103.053-54.947 49.528-38.783 82.032-64.401 104.947-82.653V400H48z\"><\/path><\/svg>                                                                            <\/div>\r\n                                    <div class=\"contact__content\">\r\n                                                                                    <h5 class=\"bdevs-el-title\">Email<\/h5>\r\n                                        \r\n                                                                                    <p>\r\n                                                \n<p>\n  <a href=\"mailto:info@sanpolyboya.com\">info@sanpolyboya.com<\/a>\n<\/p>                                            <\/p>\r\n                                                                            <\/div>\r\n                                <\/div>\r\n                            <\/div>\r\n                                                    <div class=\"col-xxl-4 col-xl-4 mb-30\">\r\n                                <div class=\"contact__item green-bg-2 bdevs-el-content d-sm-flex align-items-start mb-30\">\r\n                                    <div class=\"contact__icon mr-35\">\r\n                                                                                    <svg class=\"bdevs-btn-icon e-font-icon-svg e-fas-phone\" aria-hidden=\"true\" viewbox=\"0 0 512 512\" xmlns=\"http:\/\/www.w3.org\/2000\/svg\"><path d=\"M493.4 24.6l-104-24c-11.3-2.6-22.9 3.3-27.5 13.9l-48 112c-4.2 9.8-1.4 21.3 6.9 28l60.6 49.6c-36 76.7-98.9 140.5-177.2 177.2l-49.6-60.6c-6.8-8.3-18.2-11.1-28-6.9l-112 48C3.9 366.5-2 378.1.6 389.4l24 104C27.1 504.2 36.7 512 48 512c256.1 0 464-207.5 464-464 0-11.2-7.7-20.9-18.6-23.4z\"><\/path><\/svg>                                                                            <\/div>\r\n                                    <div class=\"contact__content\">\r\n                                                                                    <h5 class=\"bdevs-el-title\">Phone<\/h5>\r\n                                        \r\n                                                                                    <p>\r\n                                                <a href=\"tel:+903225049140\">+903225049140<\/a>                                            <\/p>\r\n                                                                            <\/div>\r\n                                <\/div>\r\n                            <\/div>\r\n                                            <\/div>\r\n                <\/div>\r\n            <\/section>\r\n\r\n        \r\n\t\t\t\t<\/div>\n\t\t\t\t<\/div>\n\t\t\t\t\t<\/div>\n\t\t<\/div>\n\t\t\t\t\t<\/div>\n\t\t<\/section>\n\t\t\t\t<section class=\"elementor-section elementor-top-section elementor-element elementor-element-2285a1d elementor-section-boxed elementor-section-height-default elementor-section-height-default\" data-id=\"2285a1d\" data-element_type=\"section\">\n\t\t\t\t\t\t<div class=\"elementor-container elementor-column-gap-default\">\n\t\t\t\t\t<div class=\"elementor-column elementor-col-100 elementor-top-column elementor-element elementor-element-dcd6973\" data-id=\"dcd6973\" data-element_type=\"column\">\n\t\t\t<div class=\"elementor-widget-wrap elementor-element-populated\">\n\t\t\t\t\t\t<div class=\"elementor-element elementor-element-d18e1a6 elementor-widget elementor-widget-heading bdevs-el heading\" data-id=\"d18e1a6\" data-element_type=\"widget\" data-settings=\"{&quot;design_style&quot;:&quot;style_2&quot;}\" data-widget_type=\"heading.default\">\n\t\t\t\t<div class=\"elementor-widget-container\">\n\t\t\t\t\t\r\n\r\n                    \r\n                <div class=\"section__title-wrapper text-center\">\r\n                                            <span class=\"section__title-pre section__title-pre-3 center bdevs-el-subtitle\">\u0130leti\u015fime Ge\u00e7in                        <\/span>\r\n                    \r\n                    <h2 class=\"section__title section__title-2 bdevs-el-title\" data-wow-delay=\".2s\">\u0130leti\u015fim Formu<\/h2>\r\n                                    <\/div>\r\n\r\n\r\n                    \r\n\t\t\t\t<\/div>\n\t\t\t\t<\/div>\n\t\t\t\t\t<\/div>\n\t\t<\/div>\n\t\t\t\t\t<\/div>\n\t\t<\/section>\n\t\t\t\t<section class=\"elementor-section elementor-top-section elementor-element elementor-element-d312c91 elementor-section-boxed elementor-section-height-default elementor-section-height-default\" data-id=\"d312c91\" data-element_type=\"section\">\n\t\t\t\t\t\t<div class=\"elementor-container elementor-column-gap-default\">\n\t\t\t\t\t<div class=\"elementor-column elementor-col-100 elementor-top-column elementor-element elementor-element-7371716\" data-id=\"7371716\" data-element_type=\"column\">\n\t\t\t<div class=\"elementor-widget-wrap elementor-element-populated\">\n\t\t\t\t\t\t<div class=\"elementor-element elementor-element-7d25fe2 elementor-widget elementor-widget-cf7 bdevs-el cf7\" data-id=\"7d25fe2\" data-element_type=\"widget\" data-settings=\"{&quot;design_style&quot;:&quot;style_1&quot;}\" data-widget_type=\"cf7.default\">\n\t\t\t\t<div class=\"elementor-widget-container\">\n\t\t\t\t\t\r\n        \r\n            <section class=\"contact__area\">\r\n                <div class=\"container\">\r\n                    <div class=\"row\">\r\n                        <div class=\"col-xxl-12\">\r\n                            <div class=\"contact__wrapper-4\">\r\n                                <div class=\"contact__form-3 contact__form-4\">\r\n                                    \n<div class=\"wpcf7 no-js\" id=\"wpcf7-f163-o1\" lang=\"en-US\" dir=\"ltr\" data-wpcf7-id=\"163\">\n<div class=\"screen-reader-response\"><p role=\"status\" aria-live=\"polite\" aria-atomic=\"true\"><\/p> <ul><\/ul><\/div>\n<form action=\"\/en\/wp-json\/wp\/v2\/pages\/374#wpcf7-f163-o1\" method=\"post\" class=\"wpcf7-form init bdevs-cf7-form\" aria-label=\"Contact form\" novalidate=\"novalidate\" data-status=\"init\" data-trp-original-action=\"\/en\/wp-json\/wp\/v2\/pages\/374#wpcf7-f163-o1\">\n<fieldset class=\"hidden-fields-container\"><input type=\"hidden\" name=\"_wpcf7\" value=\"163\" \/><input type=\"hidden\" name=\"_wpcf7_version\" value=\"6.1.4\" \/><input type=\"hidden\" name=\"_wpcf7_locale\" value=\"en_US\" \/><input type=\"hidden\" name=\"_wpcf7_unit_tag\" value=\"wpcf7-f163-o1\" \/><input type=\"hidden\" name=\"_wpcf7_container_post\" value=\"0\" \/><input type=\"hidden\" name=\"_wpcf7_posted_data_hash\" value=\"\" \/>\n<\/fieldset>\n<div class=\"row\">\n\t<div class=\"col-xxl-6 col-xl-6 col-lg-6 col-md-6\">\n\t\t<div class=\"contact__input-3\">\n\t\t\t<p><span class=\"wpcf7-form-control-wrap\" data-name=\"name\"><input size=\"40\" maxlength=\"400\" class=\"wpcf7-form-control wpcf7-text\" id=\"name\" aria-invalid=\"false\" placeholder=\"\u0130sim Soyisim\" value=\"\" type=\"text\" name=\"name\" \/><\/span><br \/>\n<i class=\"far fa-user\"><\/i>\n\t\t\t<\/p>\n\t\t<\/div>\n\t<\/div>\n\t<div class=\"col-xxl-6 col-xl-6 col-lg-6 col-md-6\">\n\t\t<div class=\"contact__input-3\">\n\t\t\t<p><span class=\"wpcf7-form-control-wrap\" data-name=\"email\"><input size=\"40\" maxlength=\"400\" class=\"wpcf7-form-control wpcf7-email wpcf7-text wpcf7-validates-as-email\" id=\"email\" aria-invalid=\"false\" placeholder=\"Mail Adresiniz\" value=\"\" type=\"email\" name=\"email\" \/><\/span><br \/>\n<i class=\"far fa-envelope\"><\/i>\n\t\t\t<\/p>\n\t\t<\/div>\n\t<\/div>\n\t<div class=\"col-xxl-6 col-xl-6 col-lg-6 col-md-6\">\n\t\t<div class=\"contact__input-3\">\n\t\t\t<p><span class=\"wpcf7-form-control-wrap\" data-name=\"phone\"><input size=\"40\" maxlength=\"400\" class=\"wpcf7-form-control wpcf7-text\" id=\"phone\" aria-invalid=\"false\" placeholder=\"Phone\" value=\"\" type=\"text\" name=\"phone\" \/><\/span><br \/>\n<i class=\"far fa-phone\"><\/i>\n\t\t\t<\/p>\n\t\t<\/div>\n\t<\/div>\n\t<div class=\"col-xxl-6 col-xl-6 col-lg-6 col-md-6\">\n\t\t<div class=\"contact__input-3\">\n\t\t\t<p><span class=\"wpcf7-form-control-wrap\" data-name=\"select\"><select class=\"wpcf7-form-control wpcf7-select\" id=\"select\" aria-invalid=\"false\" name=\"select\"><option value=\"Konu\">Konu<\/option><option value=\"Sat\u0131n Al\u0131m\">Sat\u0131n Al\u0131m<\/option><option value=\"Katalog Talebi\">Katalog Talebi<\/option><option value=\"\u00d6neri\">\u00d6neri<\/option><option value=\"Di\u011fer\">Di\u011fer<\/option><\/select><\/span>\n\t\t\t<\/p>\n\t\t<\/div>\n\t<\/div>\n\t<div class=\"col-xxl-12 col-xl-12 col-lg-12 col-md-12\">\n\t\t<div class=\"contact__input-3\">\n\t\t\t<p><span class=\"wpcf7-form-control-wrap\" data-name=\"message\"><textarea cols=\"40\" rows=\"10\" maxlength=\"2000\" class=\"wpcf7-form-control wpcf7-textarea\" id=\"message\" aria-invalid=\"false\" placeholder=\"Your message\" name=\"message\"><\/textarea><\/span>\n\t\t\t<\/p>\n\t\t<\/div>\n\t<\/div>\n\t<div class=\"col-xxl-12 col-xl-12 col-lg-12 col-md-12\">\n\t\t<div class=\"contact__btn-3 contact__btn-4\">\n\t\t\t<p><button type=\"submit\" class=\"r-btn r-btn-yellow w-100\">Send<i class=\"fal fa-arrow-right\"><\/i><\/button>\n\t\t\t<\/p>\n\t\t<\/div>\n\t<\/div>\n<\/div><div class=\"wpcf7-response-output\" aria-hidden=\"true\"><\/div>\n<input type=\"hidden\" name=\"trp-form-language\" value=\"en\"\/><\/form>\n<\/div>\n\r\n                                <\/div>\r\n                            <\/div>\r\n                        <\/div>\r\n                    <\/div>\r\n                <\/div>\r\n            <\/section>\r\n\r\n        \r\n\r\n\t\t\t\t<\/div>\n\t\t\t\t<\/div>\n\t\t\t\t\t<\/div>\n\t\t<\/div>\n\t\t\t\t\t<\/div>\n\t\t<\/section>\n\t\t\t\t<section class=\"elementor-section elementor-top-section elementor-element elementor-element-a391cd5 elementor-section-full_width elementor-section-height-default elementor-section-height-default\" data-id=\"a391cd5\" data-element_type=\"section\">\n\t\t\t\t\t\t<div class=\"elementor-container elementor-column-gap-no\">\n\t\t\t\t\t<div class=\"elementor-column elementor-col-100 elementor-top-column elementor-element elementor-element-123064d\" data-id=\"123064d\" data-element_type=\"column\">\n\t\t\t<div class=\"elementor-widget-wrap elementor-element-populated\">\n\t\t\t\t\t\t<div class=\"elementor-element elementor-element-c3e912d elementor-widget elementor-widget-google_maps\" data-id=\"c3e912d\" data-element_type=\"widget\" data-widget_type=\"google_maps.default\">\n\t\t\t\t<div class=\"elementor-widget-container\">\n\t\t\t\t\t\t\t<div class=\"elementor-custom-embed\">\n\t\t\t<iframe loading=\"lazy\"\n\t\t\t\t\tsrc=\"https:\/\/maps.google.com\/maps?q=SanPoly%20Boya%20ve%20Kimya%20San.%20Tic.%20Ltd.%20%C5%9Eti.&#038;t=m&#038;z=10&#038;output=embed&#038;iwloc=near\"\n\t\t\t\t\ttitle=\"SanPoly Boya ve Kimya San. Tic. Ltd. \u015eti.\"\n\t\t\t\t\taria-label=\"SanPoly Boya ve Kimya San. Tic. Ltd. \u015eti.\"\n\t\t\t><\/iframe>\n\t\t<\/div>\n\t\t\t\t\t\t<\/div>\n\t\t\t\t<\/div>\n\t\t\t\t\t<\/div>\n\t\t<\/div>\n\t\t\t\t\t<\/div>\n\t\t<\/section>\n\t\t\t\t<section class=\"elementor-section elementor-top-section elementor-element elementor-element-b1be9a6 elementor-section-full_width elementor-section-height-default elementor-section-height-default\" data-id=\"b1be9a6\" data-element_type=\"section\" data-settings=\"{&quot;background_background&quot;:&quot;classic&quot;}\">\n\t\t\t\t\t\t<div class=\"elementor-container elementor-column-gap-no\">\n\t\t\t\t\t<div class=\"elementor-column elementor-col-100 elementor-top-column elementor-element elementor-element-1b08eac\" data-id=\"1b08eac\" data-element_type=\"column\">\n\t\t\t<div class=\"elementor-widget-wrap\">\n\t\t\t\t\t\t\t<\/div>\n\t\t<\/div>\n\t\t\t\t\t<\/div>\n\t\t<\/section>\n\t\t\t\t<\/div>","protected":false},"excerpt":{"rendered":"<p>Adres Ac\u0131dere mh, 6679 sk No: 2\/C, PK:01410 Sar\u0131\u00e7am\/Adana Email info@sanpolyboya.com Telefon +903225049140 \u0130leti\u015fime Ge\u00e7in \u0130leti\u015fim Formu KonuSat\u0131n Al\u0131mKatalog Talebi\u00d6neriDi\u011fer G\u00f6nder<\/p>","protected":false},"author":1,"featured_media":0,"parent":0,"menu_order":0,"comment_status":"closed","ping_status":"closed","template":"elementor_header_footer","meta":{"_acf_changed":false,"footnotes":""},"class_list":["post-374","page","type-page","status-publish","hentry"],"acf":[],"_links":{"self":[{"href":"https:\/\/sanpolyboya.com\/en\/wp-json\/wp\/v2\/pages\/374","targetHints":{"allow":["GET"]}}],"collection":[{"href":"https:\/\/sanpolyboya.com\/en\/wp-json\/wp\/v2\/pages"}],"about":[{"href":"https:\/\/sanpolyboya.com\/en\/wp-json\/wp\/v2\/types\/page"}],"author":[{"embeddable":true,"href":"https:\/\/sanpolyboya.com\/en\/wp-json\/wp\/v2\/users\/1"}],"replies":[{"embeddable":true,"href":"https:\/\/sanpolyboya.com\/en\/wp-json\/wp\/v2\/comments?post=374"}],"version-history":[{"count":4,"href":"https:\/\/sanpolyboya.com\/en\/wp-json\/wp\/v2\/pages\/374\/revisions"}],"predecessor-version":[{"id":3999,"href":"https:\/\/sanpolyboya.com\/en\/wp-json\/wp\/v2\/pages\/374\/revisions\/3999"}],"wp:attachment":[{"href":"https:\/\/sanpolyboya.com\/en\/wp-json\/wp\/v2\/media?parent=374"}],"curies":[{"name":"wp","href":"https:\/\/api.w.org\/{rel}","templated":true}]}}