{"id":2980,"date":"2023-11-28T20:37:02","date_gmt":"2023-11-28T20:37:02","guid":{"rendered":"http:\/\/sanpolyboya.com\/?post_type=product&#038;p=2980"},"modified":"2023-12-07T18:54:32","modified_gmt":"2023-12-07T18:54:32","slug":"silikonlu-su-bazli-dis-cephe-boyasi","status":"publish","type":"product","link":"https:\/\/sanpolyboya.com\/en\/product\/silikonlu-su-bazli-dis-cephe-boyasi\/","title":{"rendered":"Silikonlu Su Bazl\u0131 D\u0131\u015f Cephe Boyas\u0131"},"content":{"rendered":"<ul>\n<li>Zorlu hava ko\u015fullar\u0131na dayan\u0131kl\u0131<\/li>\n<li>Y\u00fcksek alkali direnci<\/li>\n<li>Y\u00fcksek kapatma g\u00fcc\u00fc<\/li>\n<li>Solmaya kar\u015f\u0131 dayan\u0131kl\u0131, y\u00fcksek UV dayan\u0131m\u0131<\/li>\n<li>Uygulanan y\u00fczeylerin nefes almas\u0131n\u0131 sa\u011flar<\/li>\n<li>M\u00fckemmel yap\u0131\u015fma g\u00fcc\u00fc sergiler ve her y\u00fczeye iyi yap\u0131\u015f\u0131r.<\/li>\n<li>Y\u00fczeyleri neme ve d\u0131\u015f ortam\u0131n zararl\u0131 etkilerine kar\u015f\u0131 korur.<\/li>\n<li>Uygulamas\u0131 olduk\u00e7a kolayd\u0131r ve f\u0131r\u00e7a veya rulo izi b\u0131rakmaz. S\u0131va kusurlar\u0131n\u0131 gizler.<\/li>\n<\/ul>\n<p>G\u00f6r\u00fcn\u00fcm: Mat, p\u00fcr\u00fczs\u00fcz d\u0131\u015f cephe boyas\u0131.<br \/>\nRenk: Kartela renkleri.<br \/>\nViskozite: 120 \u00b1 5 KU\/25\u00b0C.<br \/>\nYo\u011funluk: 1,6 \u00b1 0,05 g\/cm3.<br \/>\nKat\u0131 \u0130\u00e7eri\u011fi: 64 \u00b1 2 (30 dakika boyunca 120\u00b0C).<br \/>\nPH: 8,5 \u00b1 1.<br \/>\nSarfifiyat: Y\u00fczey ko\u015fullar\u0131na ba\u011fl\u0131 olarak tek katta 8-10 m2\/kg.<br \/>\nDo\u011fru t\u00fcketim hesaplamas\u0131 i\u00e7in kontroll\u00fc bir numune testi \u00f6nerilir.<br \/>\nKuruma S\u00fcresi: Dokunma kurumas\u0131 30 dakikad\u0131r.<br \/>\n24 saatte tam k\u00fcrlenme.<br \/>\nKat Aras\u0131 Bekleme S\u00fcresi: 6 saa<\/p>","protected":false},"excerpt":{"rendered":"<p>Sanpoly Silikonlu D\u0131\u015f Cephe Boyas\u0131 su bazl\u0131, akrilik bir boyad\u0131r. Em\u00fclsiyon bazl\u0131, silikon katk\u0131l\u0131, dekoratif renkli, mat, son kat d\u0131\u015f cephe boyas\u0131d\u0131r.<\/p>\n<p>&nbsp;<\/p>","protected":false},"featured_media":2981,"comment_status":"open","ping_status":"closed","template":"","meta":{"_acf_changed":false},"product_brand":[],"product_cat":[36],"product_tag":[],"class_list":{"0":"post-2980","1":"product","2":"type-product","3":"status-publish","4":"has-post-thumbnail","6":"product_cat-genel","8":"first","9":"instock","10":"shipping-taxable","11":"purchasable","12":"product-type-simple"},"acf":[],"_links":{"self":[{"href":"https:\/\/sanpolyboya.com\/en\/wp-json\/wp\/v2\/product\/2980","targetHints":{"allow":["GET"]}}],"collection":[{"href":"https:\/\/sanpolyboya.com\/en\/wp-json\/wp\/v2\/product"}],"about":[{"href":"https:\/\/sanpolyboya.com\/en\/wp-json\/wp\/v2\/types\/product"}],"replies":[{"embeddable":true,"href":"https:\/\/sanpolyboya.com\/en\/wp-json\/wp\/v2\/comments?post=2980"}],"version-history":[{"count":0,"href":"https:\/\/sanpolyboya.com\/en\/wp-json\/wp\/v2\/product\/2980\/revisions"}],"wp:featuredmedia":[{"embeddable":true,"href":"https:\/\/sanpolyboya.com\/en\/wp-json\/wp\/v2\/media\/2981"}],"wp:attachment":[{"href":"https:\/\/sanpolyboya.com\/en\/wp-json\/wp\/v2\/media?parent=2980"}],"wp:term":[{"taxonomy":"product_brand","embeddable":true,"href":"https:\/\/sanpolyboya.com\/en\/wp-json\/wp\/v2\/product_brand?post=2980"},{"taxonomy":"product_cat","embeddable":true,"href":"https:\/\/sanpolyboya.com\/en\/wp-json\/wp\/v2\/product_cat?post=2980"},{"taxonomy":"product_tag","embeddable":true,"href":"https:\/\/sanpolyboya.com\/en\/wp-json\/wp\/v2\/product_tag?post=2980"}],"curies":[{"name":"wp","href":"https:\/\/api.w.org\/{rel}","templated":true}]}}