{"id":2984,"date":"2023-11-28T20:39:16","date_gmt":"2023-11-28T20:39:16","guid":{"rendered":"http:\/\/sanpolyboya.com\/?post_type=product&#038;p=2984"},"modified":"2024-01-03T08:54:28","modified_gmt":"2024-01-03T08:54:28","slug":"grenli-boya","status":"publish","type":"product","link":"https:\/\/sanpolyboya.com\/en\/product\/grenli-boya\/","title":{"rendered":"Grain Paint"},"content":{"rendered":"","protected":false},"excerpt":{"rendered":"<p>Viskozite: 170 \u00b1 10 KU\/25oC (ince di\u015f) (Tiksotropik)<br \/>\nYo\u011funluk: 1,75 \u00b1 0,15 g\/cm3 (renge g\u00f6re de\u011fi\u015fir).<br \/>\nKat\u0131 \u0130\u00e7eri\u011fi: 76 \u00b1 2 (120oC 30 dk)<br \/>\npH: 8,5 \u00b1 1<br \/>\nSarfiyat Miktar\u0131: \u0130stenilen desene ve kullan\u0131lan ruloya ba\u011fl\u0131 olarak 1,0 &#8211; 1,3 kg\/m2<br \/>\n(1,3 &#8211; 1,7 m2 \/L),<br \/>\nHassas t\u00fcketim i\u00e7in kontroll\u00fc numune testi \u00f6nerilir.<br \/>\nKuruma S\u00fcresi: 1 &#8211; 2 saatte dokunma kurumas\u0131<br \/>\n(23oC %50 RH) 24 saatte tam kuruma<br \/>\n7 g\u00fcnde tam k\u00fcrlenme<br \/>\nParlama Noktas\u0131: Yan\u0131c\u0131 de\u011fildir.<\/p>\n<ul>\n<li>Duvardaki nemin d\u0131\u015far\u0131 \u00e7\u0131kmas\u0131n\u0131 sa\u011flar.<\/li>\n<li>G\u00fcne\u015f \u0131\u015f\u0131\u011f\u0131na, s\u00fcrt\u00fcnmeye ve darbelere kar\u015f\u0131 diren\u00e7 sa\u011flar<\/li>\n<li>Her t\u00fcrl\u00fc \u0131s\u0131 yal\u0131t\u0131m sistemine uygulanabilir.<\/li>\n<li>Se\u00e7ilen rulo tipine ba\u011fl\u0131 olarak istenilen desenli g\u00f6r\u00fcn\u00fcm\u00fc elde\u00a0etmek m\u00fcmk\u00fcnd\u00fcr.<\/li>\n<li>Y\u00fczeydeki k\u0131lcal \u00e7atlaklar\u0131 ve s\u0131va kusurlar\u0131n\u0131 gizler.<\/li>\n<li>Kokusuz, su bazl\u0131, yan\u0131c\u0131 olmayan ve yanmaz kaplama malzemesi<\/li>\n<\/ul>","protected":false},"featured_media":2985,"comment_status":"open","ping_status":"closed","template":"","meta":{"_acf_changed":false},"product_brand":[],"product_cat":[36],"product_tag":[],"class_list":{"0":"post-2984","1":"product","2":"type-product","3":"status-publish","4":"has-post-thumbnail","6":"product_cat-genel","8":"first","9":"instock","10":"shipping-taxable","11":"product-type-simple"},"acf":[],"_links":{"self":[{"href":"https:\/\/sanpolyboya.com\/en\/wp-json\/wp\/v2\/product\/2984","targetHints":{"allow":["GET"]}}],"collection":[{"href":"https:\/\/sanpolyboya.com\/en\/wp-json\/wp\/v2\/product"}],"about":[{"href":"https:\/\/sanpolyboya.com\/en\/wp-json\/wp\/v2\/types\/product"}],"replies":[{"embeddable":true,"href":"https:\/\/sanpolyboya.com\/en\/wp-json\/wp\/v2\/comments?post=2984"}],"version-history":[{"count":2,"href":"https:\/\/sanpolyboya.com\/en\/wp-json\/wp\/v2\/product\/2984\/revisions"}],"predecessor-version":[{"id":3993,"href":"https:\/\/sanpolyboya.com\/en\/wp-json\/wp\/v2\/product\/2984\/revisions\/3993"}],"wp:featuredmedia":[{"embeddable":true,"href":"https:\/\/sanpolyboya.com\/en\/wp-json\/wp\/v2\/media\/2985"}],"wp:attachment":[{"href":"https:\/\/sanpolyboya.com\/en\/wp-json\/wp\/v2\/media?parent=2984"}],"wp:term":[{"taxonomy":"product_brand","embeddable":true,"href":"https:\/\/sanpolyboya.com\/en\/wp-json\/wp\/v2\/product_brand?post=2984"},{"taxonomy":"product_cat","embeddable":true,"href":"https:\/\/sanpolyboya.com\/en\/wp-json\/wp\/v2\/product_cat?post=2984"},{"taxonomy":"product_tag","embeddable":true,"href":"https:\/\/sanpolyboya.com\/en\/wp-json\/wp\/v2\/product_tag?post=2984"}],"curies":[{"name":"wp","href":"https:\/\/api.w.org\/{rel}","templated":true}]}}