{"id":2986,"date":"2023-11-28T20:40:31","date_gmt":"2023-11-28T20:40:31","guid":{"rendered":"http:\/\/sanpolyboya.com\/?post_type=product&#038;p=2986"},"modified":"2024-01-03T09:05:19","modified_gmt":"2024-01-03T09:05:19","slug":"watertight-su-yalitimi","status":"publish","type":"product","link":"https:\/\/sanpolyboya.com\/en\/product\/watertight-su-yalitimi\/","title":{"rendered":"Watertight Su Yal\u0131t\u0131m\u0131"},"content":{"rendered":"<p><strong>UV Dayan\u0131ml\u0131 S\u00fcper Elastik<\/strong><br \/>\n<strong>Su Yal\u0131t\u0131m Malzemesi<\/strong><\/p>\n<ul>\n<li>Su bazl\u0131<\/li>\n<li>Elastomerik akrilik kopolimer re\u00e7ine esasl\u0131d\u0131r.<\/li>\n<li>Tek bile\u015fenli<\/li>\n<li>Kullan\u0131ma haz\u0131r<\/li>\n<li>Elastik<\/li>\n<li>Kolay uygulama<\/li>\n<li>Y\u00fcksek su iticili\u011fi<\/li>\n<\/ul>","protected":false},"excerpt":{"rendered":"<p>UV Dayan\u0131ml\u0131 S\u00fcper Elastik Su Yal\u0131t\u0131m Malzemesi Su bazl\u0131 Elastomerik akrilik kopolimer re\u00e7ine esasl\u0131d\u0131r. Tek bile\u015fenli Kullan\u0131ma haz\u0131r Elastik Kolay uygulama Y\u00fcksek su iticili\u011fi<\/p>","protected":false},"featured_media":2987,"comment_status":"open","ping_status":"closed","template":"","meta":{"_acf_changed":false},"product_brand":[],"product_cat":[36],"product_tag":[],"class_list":{"0":"post-2986","1":"product","2":"type-product","3":"status-publish","4":"has-post-thumbnail","6":"product_cat-genel","8":"first","9":"instock","10":"shipping-taxable","11":"product-type-simple"},"acf":[],"_links":{"self":[{"href":"https:\/\/sanpolyboya.com\/en\/wp-json\/wp\/v2\/product\/2986","targetHints":{"allow":["GET"]}}],"collection":[{"href":"https:\/\/sanpolyboya.com\/en\/wp-json\/wp\/v2\/product"}],"about":[{"href":"https:\/\/sanpolyboya.com\/en\/wp-json\/wp\/v2\/types\/product"}],"replies":[{"embeddable":true,"href":"https:\/\/sanpolyboya.com\/en\/wp-json\/wp\/v2\/comments?post=2986"}],"version-history":[{"count":2,"href":"https:\/\/sanpolyboya.com\/en\/wp-json\/wp\/v2\/product\/2986\/revisions"}],"predecessor-version":[{"id":3995,"href":"https:\/\/sanpolyboya.com\/en\/wp-json\/wp\/v2\/product\/2986\/revisions\/3995"}],"wp:featuredmedia":[{"embeddable":true,"href":"https:\/\/sanpolyboya.com\/en\/wp-json\/wp\/v2\/media\/2987"}],"wp:attachment":[{"href":"https:\/\/sanpolyboya.com\/en\/wp-json\/wp\/v2\/media?parent=2986"}],"wp:term":[{"taxonomy":"product_brand","embeddable":true,"href":"https:\/\/sanpolyboya.com\/en\/wp-json\/wp\/v2\/product_brand?post=2986"},{"taxonomy":"product_cat","embeddable":true,"href":"https:\/\/sanpolyboya.com\/en\/wp-json\/wp\/v2\/product_cat?post=2986"},{"taxonomy":"product_tag","embeddable":true,"href":"https:\/\/sanpolyboya.com\/en\/wp-json\/wp\/v2\/product_tag?post=2986"}],"curies":[{"name":"wp","href":"https:\/\/api.w.org\/{rel}","templated":true}]}}