{"id":3150,"date":"2023-12-01T20:58:12","date_gmt":"2023-12-01T20:58:12","guid":{"rendered":"http:\/\/sanpolyboya.com\/?post_type=product&#038;p=3150"},"modified":"2023-12-01T21:08:07","modified_gmt":"2023-12-01T21:08:07","slug":"king-tavan-boyasi","status":"publish","type":"product","link":"https:\/\/sanpolyboya.com\/en\/product\/king-tavan-boyasi\/","title":{"rendered":"King Ceiling Paint"},"content":{"rendered":"<ul>\n<li>Su bazl\u0131<\/li>\n<li>Akrilik em\u00fclsiyon bazl\u0131<\/li>\n<li>M\u00fckemmel kaplama<\/li>\n<li>M\u00fckemmel beyazl\u0131k<\/li>\n<li>Nefes alabilir<\/li>\n<li>S\u0131\u00e7rama yapmaz<\/li>\n<\/ul>\n<p>G\u00f6r\u00fcn\u00fcm: Mat, p\u00fcr\u00fczs\u00fcz g\u00f6r\u00fcn\u00fcm<br \/>\nBeyaz renk<br \/>\nViskozite: 138 \u00b1 5 KU<br \/>\nYo\u011funluk: 1,72 \u00b1 0,02 g\/cm3<br \/>\nKat\u0131 \u0130\u00e7eri\u011fi: 72 \u00b1 2 (120\u00b0C, 30 dakika)<br \/>\npH: 8,5 \u00b1 0,5<br \/>\nSarfiyat Oran\u0131: Y\u00fczey ko\u015fullar\u0131na ba\u011fl\u0131 olarak tek katta yakla\u015f\u0131k 6-7 m2\/kg. Hassas t\u00fcketim<br \/>\nhesaplamas\u0131 i\u00e7in kontroll\u00fc numune testi \u00f6nerilir.<br \/>\nKuruma zaman\u0131:<br \/>\n30 dakikada dokunma kurulu\u011fu<br \/>\n24 saatte tam kuruma<br \/>\nKatlar aras\u0131 bekleme s\u00fcresi 4-6 saattir.<br \/>\nAmbalaj: 10-20kg<\/p>","protected":false},"excerpt":{"rendered":"<p>Full mat, dekoratif, kaliteli son kat tavan boyas\u0131d\u0131r. S\u0131va, macun, beton, fibercement, al\u00e7\u0131, al\u00e7\u0131pan, kontrplak, MDF vb. her t\u00fcrl\u00fc i\u00e7 yap\u0131 elemanlar\u0131nda kullan\u0131labil<\/p>","protected":false},"featured_media":3153,"comment_status":"open","ping_status":"closed","template":"","meta":{"_acf_changed":false},"product_brand":[],"product_cat":[36],"product_tag":[],"class_list":{"0":"post-3150","1":"product","2":"type-product","3":"status-publish","4":"has-post-thumbnail","6":"product_cat-genel","8":"first","9":"instock","10":"shipping-taxable","11":"product-type-simple"},"acf":[],"_links":{"self":[{"href":"https:\/\/sanpolyboya.com\/en\/wp-json\/wp\/v2\/product\/3150","targetHints":{"allow":["GET"]}}],"collection":[{"href":"https:\/\/sanpolyboya.com\/en\/wp-json\/wp\/v2\/product"}],"about":[{"href":"https:\/\/sanpolyboya.com\/en\/wp-json\/wp\/v2\/types\/product"}],"replies":[{"embeddable":true,"href":"https:\/\/sanpolyboya.com\/en\/wp-json\/wp\/v2\/comments?post=3150"}],"version-history":[{"count":0,"href":"https:\/\/sanpolyboya.com\/en\/wp-json\/wp\/v2\/product\/3150\/revisions"}],"wp:featuredmedia":[{"embeddable":true,"href":"https:\/\/sanpolyboya.com\/en\/wp-json\/wp\/v2\/media\/3153"}],"wp:attachment":[{"href":"https:\/\/sanpolyboya.com\/en\/wp-json\/wp\/v2\/media?parent=3150"}],"wp:term":[{"taxonomy":"product_brand","embeddable":true,"href":"https:\/\/sanpolyboya.com\/en\/wp-json\/wp\/v2\/product_brand?post=3150"},{"taxonomy":"product_cat","embeddable":true,"href":"https:\/\/sanpolyboya.com\/en\/wp-json\/wp\/v2\/product_cat?post=3150"},{"taxonomy":"product_tag","embeddable":true,"href":"https:\/\/sanpolyboya.com\/en\/wp-json\/wp\/v2\/product_tag?post=3150"}],"curies":[{"name":"wp","href":"https:\/\/api.w.org\/{rel}","templated":true}]}}