{"id":3155,"date":"2023-12-01T21:02:20","date_gmt":"2023-12-01T21:02:20","guid":{"rendered":"http:\/\/sanpolyboya.com\/?post_type=product&#038;p=3155"},"modified":"2023-12-06T06:11:30","modified_gmt":"2023-12-06T06:11:30","slug":"su-bazli-ic-ve-dis-cephe-astar-boya","status":"publish","type":"product","link":"https:\/\/sanpolyboya.com\/en\/product\/su-bazli-ic-ve-dis-cephe-astar-boya\/","title":{"rendered":"Su Bazl\u0131 \u0130\u00e7 ve D\u0131\u015f Cephe Astar Boya"},"content":{"rendered":"<ul>\n<li>Son kat boya i\u00e7in sa\u011flam bir y\u00fczey haz\u0131rlar.<\/li>\n<li>Doldurma \u00f6zelli\u011finden dolay\u0131 ham y\u00fczeyleri doldurup<\/li>\n<li>Doyurur, son kat boya t\u00fcketimini azalt\u0131r.<\/li>\n<li>Son kat boyan\u0131n \u00f6rt\u00fcc\u00fcl\u00fc\u011f\u00fcn\u00fc artt\u0131r\u0131r.<\/li>\n<li>G\u00f6zenekli yap\u0131s\u0131 duvar\u0131n nefes almas\u0131n\u0131 sa\u011flar ve buhar ge\u00e7irgenli\u011fi y\u00fcksektir.<\/li>\n<li>\u0130yi bir kapsama alan\u0131 sa\u011flar.<\/li>\n<\/ul>\n<p>G\u00f6r\u00fcn\u00fcm: P\u00fcr\u00fczs\u00fcz<br \/>\nRenk: Kirli Beyaz<br \/>\nViskozite: 113 \u00b1 5 KU (20\u00b0C&#8217;de)<br \/>\nYo\u011funluk: 1,55 \u00b1 0,02 g\/cm3<br \/>\nKat\u0131 \u0130\u00e7eri\u011fi: 64 \u00b1 2 (120\u00b0C&#8217;de 30 dakika)<br \/>\npH: 8,5 \u00b1 0,5<br \/>\nSarfiyat: Y\u00fczeylerin emicili\u011fine ba\u011fl\u0131 olarak yakla\u015f\u0131k 14 &#8211; 20 m2\/kg. Kesin<br \/>\nt\u00fcketim tahmini i\u00e7in kontroll\u00fc numune testi yap\u0131lmas\u0131 \u00f6nerilir.<br \/>\nKuruma S\u00fcresi: 30 dakikada dokunma kurumas\u0131, 24 saatte tam kuruma<br \/>\nSonkat Uygulamas\u0131: 6 saat<\/p>","protected":false},"excerpt":{"rendered":"<p>Su bazl\u0131, akrilik em\u00fclsiyon esasl\u0131 i\u00e7 cephe astar boyas\u0131d\u0131r.<\/p>","protected":false},"featured_media":3156,"comment_status":"open","ping_status":"closed","template":"","meta":{"_acf_changed":false},"product_brand":[],"product_cat":[36],"product_tag":[],"class_list":{"0":"post-3155","1":"product","2":"type-product","3":"status-publish","4":"has-post-thumbnail","6":"product_cat-genel","8":"first","9":"instock","10":"shipping-taxable","11":"product-type-simple"},"acf":[],"_links":{"self":[{"href":"https:\/\/sanpolyboya.com\/en\/wp-json\/wp\/v2\/product\/3155","targetHints":{"allow":["GET"]}}],"collection":[{"href":"https:\/\/sanpolyboya.com\/en\/wp-json\/wp\/v2\/product"}],"about":[{"href":"https:\/\/sanpolyboya.com\/en\/wp-json\/wp\/v2\/types\/product"}],"replies":[{"embeddable":true,"href":"https:\/\/sanpolyboya.com\/en\/wp-json\/wp\/v2\/comments?post=3155"}],"version-history":[{"count":0,"href":"https:\/\/sanpolyboya.com\/en\/wp-json\/wp\/v2\/product\/3155\/revisions"}],"wp:featuredmedia":[{"embeddable":true,"href":"https:\/\/sanpolyboya.com\/en\/wp-json\/wp\/v2\/media\/3156"}],"wp:attachment":[{"href":"https:\/\/sanpolyboya.com\/en\/wp-json\/wp\/v2\/media?parent=3155"}],"wp:term":[{"taxonomy":"product_brand","embeddable":true,"href":"https:\/\/sanpolyboya.com\/en\/wp-json\/wp\/v2\/product_brand?post=3155"},{"taxonomy":"product_cat","embeddable":true,"href":"https:\/\/sanpolyboya.com\/en\/wp-json\/wp\/v2\/product_cat?post=3155"},{"taxonomy":"product_tag","embeddable":true,"href":"https:\/\/sanpolyboya.com\/en\/wp-json\/wp\/v2\/product_tag?post=3155"}],"curies":[{"name":"wp","href":"https:\/\/api.w.org\/{rel}","templated":true}]}}