{"id":3936,"date":"2024-01-02T09:29:43","date_gmt":"2024-01-02T09:29:43","guid":{"rendered":"https:\/\/sanpolyboya.com\/?post_type=product&#038;p=3936"},"modified":"2024-01-02T09:30:12","modified_gmt":"2024-01-02T09:30:12","slug":"ic-cephe-renk-degistir","status":"publish","type":"product","link":"https:\/\/sanpolyboya.com\/en\/product\/ic-cephe-renk-degistir\/","title":{"rendered":"\u0130\u00e7 Cephe Boyas\u0131 Renk De\u011fi\u015ftir"},"content":{"rendered":"","protected":false},"excerpt":{"rendered":"<p>Sanpoly Silikonlu Plastik \u0130\u00e7 Cephe Boyas\u0131 su bazl\u0131, akrilik bir boyad\u0131r. Em\u00fclsiyon esasl\u0131, dekoratif, mat, son kat i\u00e7 cephe boyas\u0131d\u0131r.<\/p>\n<ul>\n<li>Her y\u00fczeye m\u00fckemmel yap\u0131\u015f\u0131r.<\/li>\n<li>Kokusuzdur, sararmaz ve \u00fcst\u00fcn niteliklere sahiptir.<\/li>\n<li>Uygulamas\u0131 kolayd\u0131r, f\u0131r\u00e7a veya rulo izi b\u0131rakmaz ve s\u0131va hatalar\u0131n\u0131 gizler.<\/li>\n<li>\u00c7atlamaz, \u015fi\u015fmez ve soyulmaz.<\/li>\n<li>Nefes alabilen \u00f6zelli\u011fi ile duvar\u0131n nefes almas\u0131n\u0131 sa\u011flar.<\/li>\n<li>\u0130yi kapatma g\u00fcc\u00fcne sahiptir.<\/li>\n<\/ul>","protected":false},"featured_media":3242,"comment_status":"open","ping_status":"closed","template":"","meta":{"_acf_changed":false},"product_brand":[],"product_cat":[36],"product_tag":[],"class_list":{"0":"post-3936","1":"product","2":"type-product","3":"status-publish","4":"has-post-thumbnail","6":"product_cat-genel","8":"first","9":"instock","10":"shipping-taxable","11":"purchasable","12":"product-type-simple"},"acf":[],"_links":{"self":[{"href":"https:\/\/sanpolyboya.com\/en\/wp-json\/wp\/v2\/product\/3936","targetHints":{"allow":["GET"]}}],"collection":[{"href":"https:\/\/sanpolyboya.com\/en\/wp-json\/wp\/v2\/product"}],"about":[{"href":"https:\/\/sanpolyboya.com\/en\/wp-json\/wp\/v2\/types\/product"}],"replies":[{"embeddable":true,"href":"https:\/\/sanpolyboya.com\/en\/wp-json\/wp\/v2\/comments?post=3936"}],"version-history":[{"count":0,"href":"https:\/\/sanpolyboya.com\/en\/wp-json\/wp\/v2\/product\/3936\/revisions"}],"wp:featuredmedia":[{"embeddable":true,"href":"https:\/\/sanpolyboya.com\/en\/wp-json\/wp\/v2\/media\/3242"}],"wp:attachment":[{"href":"https:\/\/sanpolyboya.com\/en\/wp-json\/wp\/v2\/media?parent=3936"}],"wp:term":[{"taxonomy":"product_brand","embeddable":true,"href":"https:\/\/sanpolyboya.com\/en\/wp-json\/wp\/v2\/product_brand?post=3936"},{"taxonomy":"product_cat","embeddable":true,"href":"https:\/\/sanpolyboya.com\/en\/wp-json\/wp\/v2\/product_cat?post=3936"},{"taxonomy":"product_tag","embeddable":true,"href":"https:\/\/sanpolyboya.com\/en\/wp-json\/wp\/v2\/product_tag?post=3936"}],"curies":[{"name":"wp","href":"https:\/\/api.w.org\/{rel}","templated":true}]}}