{"id":3975,"date":"2024-01-03T08:13:37","date_gmt":"2024-01-03T08:13:37","guid":{"rendered":"https:\/\/sanpolyboya.com\/?post_type=product&#038;p=3975"},"modified":"2024-01-03T08:13:38","modified_gmt":"2024-01-03T08:13:38","slug":"1-7-konsantre-astar","status":"publish","type":"product","link":"https:\/\/sanpolyboya.com\/en\/product\/1-7-konsantre-astar\/","title":{"rendered":"1\/7 konsantre Astar"},"content":{"rendered":"<p>Akrilik em\u00fclsiyon esasl\u0131 konsantre astar, su bazl\u0131, akrilik em\u00fclsiyon esasl\u0131, \u015feffaf, konsantre, i\u00e7 ve d\u0131\u015f cephe astar\u0131d\u0131r<\/p>","protected":false},"excerpt":{"rendered":"<p>Y\u00fczeylere derinlemesine n\u00fcfuz ederek son kat boya i\u00e7in g\u00fc\u00e7l\u00fc bir<br \/>\ntemel olu\u015fturur.<br \/>\nBoya t\u00fcketimini azalt\u0131r.<br \/>\nSon kat boyan\u0131n kuruma s\u00fcresini d\u00fczenler.<br \/>\nFarkl\u0131 g\u00f6zeneklilik derecesine sahip y\u00fczeylerde son kat boyadaki<br \/>\nrenk farkl\u0131l\u0131klar\u0131n\u0131 \u00f6nler.<br \/>\nY\u00fczeyi son kat boyaya uygun hale getirir<\/p>","protected":false},"featured_media":3976,"comment_status":"open","ping_status":"closed","template":"","meta":{"_acf_changed":false},"product_brand":[],"product_cat":[36],"product_tag":[],"class_list":{"0":"post-3975","1":"product","2":"type-product","3":"status-publish","4":"has-post-thumbnail","6":"product_cat-genel","8":"first","9":"instock","10":"shipping-taxable","11":"product-type-simple"},"acf":[],"_links":{"self":[{"href":"https:\/\/sanpolyboya.com\/en\/wp-json\/wp\/v2\/product\/3975","targetHints":{"allow":["GET"]}}],"collection":[{"href":"https:\/\/sanpolyboya.com\/en\/wp-json\/wp\/v2\/product"}],"about":[{"href":"https:\/\/sanpolyboya.com\/en\/wp-json\/wp\/v2\/types\/product"}],"replies":[{"embeddable":true,"href":"https:\/\/sanpolyboya.com\/en\/wp-json\/wp\/v2\/comments?post=3975"}],"version-history":[{"count":1,"href":"https:\/\/sanpolyboya.com\/en\/wp-json\/wp\/v2\/product\/3975\/revisions"}],"predecessor-version":[{"id":3977,"href":"https:\/\/sanpolyboya.com\/en\/wp-json\/wp\/v2\/product\/3975\/revisions\/3977"}],"wp:featuredmedia":[{"embeddable":true,"href":"https:\/\/sanpolyboya.com\/en\/wp-json\/wp\/v2\/media\/3976"}],"wp:attachment":[{"href":"https:\/\/sanpolyboya.com\/en\/wp-json\/wp\/v2\/media?parent=3975"}],"wp:term":[{"taxonomy":"product_brand","embeddable":true,"href":"https:\/\/sanpolyboya.com\/en\/wp-json\/wp\/v2\/product_brand?post=3975"},{"taxonomy":"product_cat","embeddable":true,"href":"https:\/\/sanpolyboya.com\/en\/wp-json\/wp\/v2\/product_cat?post=3975"},{"taxonomy":"product_tag","embeddable":true,"href":"https:\/\/sanpolyboya.com\/en\/wp-json\/wp\/v2\/product_tag?post=3975"}],"curies":[{"name":"wp","href":"https:\/\/api.w.org\/{rel}","templated":true}]}}